{"id":4208,"date":"2026-02-28T11:23:30","date_gmt":"2026-02-28T10:23:30","guid":{"rendered":"http:\/\/198.46.190.232\/mypara\/?product=dermacare-hydraliss-creme-legere-50ml"},"modified":"2026-02-28T12:44:51","modified_gmt":"2026-02-28T11:44:51","slug":"dermacare-hydraliss-creme-legere-50ml","status":"publish","type":"product","link":"http:\/\/www.yespara.tn\/?product=dermacare-hydraliss-creme-legere-50ml","title":{"rendered":"DERMACARE hydraliss CREME LEGERE 50ml"},"content":{"rendered":"","protected":false},"excerpt":{"rendered":"<p>\ud83d\udca7\u2728 DERMACARE HYDRALISS Cr\u00e8me L\u00e9g\u00e8re Ultra Hydratante \u2013 50ML \ud83c\udf3f Triple action : R\u00e9pare \ud83d\udd27 \u2013 Hydrate \ud83d\udca6 \u2013 Prot\u00e8ge \ud83d\udee1\ufe0f \u2714 Hydratation intense &#038; durable pour les peaux d\u00e9shydrat\u00e9es. \u2714 Renforce la barri\u00e8re cutan\u00e9e et lisse les \u00e9cailles dermiques. \u2714 Forme un film protecteur doux pour une peau souple et confortable.<\/p>\n","protected":false},"featured_media":4207,"comment_status":"open","ping_status":"closed","template":"","meta":[],"product_brand":[],"product_cat":[3155],"product_tag":[],"class_list":{"0":"post-4208","1":"product","2":"type-product","3":"status-publish","4":"has-post-thumbnail","6":"product_cat-dermacare-soins-visage-2","8":"first","9":"instock","10":"sale","11":"taxable","12":"shipping-taxable","13":"purchasable","14":"product-type-simple"},"_links":{"self":[{"href":"http:\/\/www.yespara.tn\/index.php?rest_route=\/wp\/v2\/product\/4208","targetHints":{"allow":["GET"]}}],"collection":[{"href":"http:\/\/www.yespara.tn\/index.php?rest_route=\/wp\/v2\/product"}],"about":[{"href":"http:\/\/www.yespara.tn\/index.php?rest_route=\/wp\/v2\/types\/product"}],"replies":[{"embeddable":true,"href":"http:\/\/www.yespara.tn\/index.php?rest_route=%2Fwp%2Fv2%2Fcomments&post=4208"}],"wp:featuredmedia":[{"embeddable":true,"href":"http:\/\/www.yespara.tn\/index.php?rest_route=\/wp\/v2\/media\/4207"}],"wp:attachment":[{"href":"http:\/\/www.yespara.tn\/index.php?rest_route=%2Fwp%2Fv2%2Fmedia&parent=4208"}],"wp:term":[{"taxonomy":"product_brand","embeddable":true,"href":"http:\/\/www.yespara.tn\/index.php?rest_route=%2Fwp%2Fv2%2Fproduct_brand&post=4208"},{"taxonomy":"product_cat","embeddable":true,"href":"http:\/\/www.yespara.tn\/index.php?rest_route=%2Fwp%2Fv2%2Fproduct_cat&post=4208"},{"taxonomy":"product_tag","embeddable":true,"href":"http:\/\/www.yespara.tn\/index.php?rest_route=%2Fwp%2Fv2%2Fproduct_tag&post=4208"}],"curies":[{"name":"wp","href":"https:\/\/api.w.org\/{rel}","templated":true}]}}