{"id":4204,"date":"2026-02-28T11:23:26","date_gmt":"2026-02-28T10:23:26","guid":{"rendered":"http:\/\/198.46.190.232\/mypara\/?product=dermacare-hydraliss-baume-intensif-500-ml"},"modified":"2026-02-28T11:23:26","modified_gmt":"2026-02-28T10:23:26","slug":"dermacare-hydraliss-baume-intensif-500-ml","status":"publish","type":"product","link":"http:\/\/www.yespara.tn\/?product=dermacare-hydraliss-baume-intensif-500-ml","title":{"rendered":"Dermacare Hydraliss Baume Intensif 500 ML"},"content":{"rendered":"","protected":false},"excerpt":{"rendered":"<p>Soin relipidant nutritif quotidien des peaux s\u00e8ches \u00e0 tr\u00e8s s\u00e8ches pour le visage et le corps.<\/p>\n","protected":false},"featured_media":4203,"comment_status":"open","ping_status":"closed","template":"","meta":[],"product_brand":[],"product_cat":[3153],"product_tag":[],"class_list":{"0":"post-4204","1":"product","2":"type-product","3":"status-publish","4":"has-post-thumbnail","6":"product_cat-dermacare-soins-visage-soins-pour-le-corps-soins-hydratants-et-nourrissants-peaux-seches","8":"first","9":"instock","10":"taxable","11":"shipping-taxable","12":"product-type-simple"},"_links":{"self":[{"href":"http:\/\/www.yespara.tn\/index.php?rest_route=\/wp\/v2\/product\/4204","targetHints":{"allow":["GET"]}}],"collection":[{"href":"http:\/\/www.yespara.tn\/index.php?rest_route=\/wp\/v2\/product"}],"about":[{"href":"http:\/\/www.yespara.tn\/index.php?rest_route=\/wp\/v2\/types\/product"}],"replies":[{"embeddable":true,"href":"http:\/\/www.yespara.tn\/index.php?rest_route=%2Fwp%2Fv2%2Fcomments&post=4204"}],"wp:featuredmedia":[{"embeddable":true,"href":"http:\/\/www.yespara.tn\/index.php?rest_route=\/wp\/v2\/media\/4203"}],"wp:attachment":[{"href":"http:\/\/www.yespara.tn\/index.php?rest_route=%2Fwp%2Fv2%2Fmedia&parent=4204"}],"wp:term":[{"taxonomy":"product_brand","embeddable":true,"href":"http:\/\/www.yespara.tn\/index.php?rest_route=%2Fwp%2Fv2%2Fproduct_brand&post=4204"},{"taxonomy":"product_cat","embeddable":true,"href":"http:\/\/www.yespara.tn\/index.php?rest_route=%2Fwp%2Fv2%2Fproduct_cat&post=4204"},{"taxonomy":"product_tag","embeddable":true,"href":"http:\/\/www.yespara.tn\/index.php?rest_route=%2Fwp%2Fv2%2Fproduct_tag&post=4204"}],"curies":[{"name":"wp","href":"https:\/\/api.w.org\/{rel}","templated":true}]}}