{"id":4194,"date":"2026-02-28T11:23:19","date_gmt":"2026-02-28T10:23:19","guid":{"rendered":"http:\/\/198.46.190.232\/mypara\/?product=ultrasun-after-sun-and-post-laser-gel-75ml"},"modified":"2026-02-28T11:23:19","modified_gmt":"2026-02-28T10:23:19","slug":"ultrasun-after-sun-and-post-laser-gel-75ml","status":"publish","type":"product","link":"http:\/\/www.yespara.tn\/?product=ultrasun-after-sun-and-post-laser-gel-75ml","title":{"rendered":"ultrasun after sun and post laser gel 75ml"},"content":{"rendered":"","protected":false},"excerpt":{"rendered":"<p>Ce gel apaisant \u00e0 absorption rapide et non gras est formul\u00e9 avec de l\u2019hydrasynol, qui aide \u00e0 am\u00e9liorer le m\u00e9canisme naturel de r\u00e9tention de l\u2019humidit\u00e9 de la peau, aidant la peau \u00e0 se r\u00e9parer et \u00e0 gu\u00e9rir plus efficacement apr\u00e8s une exposition au soleil et des traitements au laser.<\/p>\n","protected":false},"featured_media":4193,"comment_status":"open","ping_status":"closed","template":"","meta":[],"product_brand":[],"product_cat":[3147],"product_tag":[],"class_list":{"0":"post-4194","1":"product","2":"type-product","3":"status-publish","4":"has-post-thumbnail","6":"product_cat-ultrasun-soins-visage-2","8":"first","9":"instock","10":"taxable","11":"shipping-taxable","12":"product-type-simple"},"_links":{"self":[{"href":"http:\/\/www.yespara.tn\/index.php?rest_route=\/wp\/v2\/product\/4194","targetHints":{"allow":["GET"]}}],"collection":[{"href":"http:\/\/www.yespara.tn\/index.php?rest_route=\/wp\/v2\/product"}],"about":[{"href":"http:\/\/www.yespara.tn\/index.php?rest_route=\/wp\/v2\/types\/product"}],"replies":[{"embeddable":true,"href":"http:\/\/www.yespara.tn\/index.php?rest_route=%2Fwp%2Fv2%2Fcomments&post=4194"}],"wp:featuredmedia":[{"embeddable":true,"href":"http:\/\/www.yespara.tn\/index.php?rest_route=\/wp\/v2\/media\/4193"}],"wp:attachment":[{"href":"http:\/\/www.yespara.tn\/index.php?rest_route=%2Fwp%2Fv2%2Fmedia&parent=4194"}],"wp:term":[{"taxonomy":"product_brand","embeddable":true,"href":"http:\/\/www.yespara.tn\/index.php?rest_route=%2Fwp%2Fv2%2Fproduct_brand&post=4194"},{"taxonomy":"product_cat","embeddable":true,"href":"http:\/\/www.yespara.tn\/index.php?rest_route=%2Fwp%2Fv2%2Fproduct_cat&post=4194"},{"taxonomy":"product_tag","embeddable":true,"href":"http:\/\/www.yespara.tn\/index.php?rest_route=%2Fwp%2Fv2%2Fproduct_tag&post=4194"}],"curies":[{"name":"wp","href":"https:\/\/api.w.org\/{rel}","templated":true}]}}