{"id":4180,"date":"2026-02-28T11:23:07","date_gmt":"2026-02-28T10:23:07","guid":{"rendered":"http:\/\/198.46.190.232\/mypara\/?product=filorga-oxygen-glow-creme-super-perfectionnante-50ml"},"modified":"2026-02-28T11:23:07","modified_gmt":"2026-02-28T10:23:07","slug":"filorga-oxygen-glow-creme-super-perfectionnante-50ml","status":"publish","type":"product","link":"http:\/\/www.yespara.tn\/?product=filorga-oxygen-glow-creme-super-perfectionnante-50ml","title":{"rendered":"FILORGA oxygen-glow CR\u00c8ME SUPER-PERFECTIONNANTE 50ML"},"content":{"rendered":"","protected":false},"excerpt":{"rendered":"<p>\ud83c\udf2c\ufe0f Une bouff\u00e9e d\u2019oxyg\u00e8ne pour une peau \u00e9clatante et z\u00e9ro d\u00e9faut ! \ud83d\udc96 Action 4-en-1 pour une peau sublim\u00e9e naturellement : \u2714\ufe0f \ud83d\udca7 Hydratation intense gr\u00e2ce \u00e0 l\u2019acide hyaluronique. \u2714\ufe0f \ud83c\udf2c\ufe0f Oxyg\u00e9nation cellulaire boost\u00e9e pour une peau revitalis\u00e9e. \u2714\ufe0f \ud83d\udd06 \u00c9clat imm\u00e9diat avec des nacres subtiles et perfectrices. \u2714\ufe0f \ud83d\udee0\ufe0f Correction progressive des imperfections (teint terne, irr\u00e9gularit\u00e9s, fatigue).<\/p>\n","protected":false},"featured_media":4179,"comment_status":"open","ping_status":"closed","template":"","meta":[],"product_brand":[],"product_cat":[2706],"product_tag":[],"class_list":{"0":"post-4180","1":"product","2":"type-product","3":"status-publish","4":"has-post-thumbnail","6":"product_cat-filorga-soins-visage-soins-eclaircissants","8":"first","9":"instock","10":"taxable","11":"shipping-taxable","12":"product-type-simple"},"_links":{"self":[{"href":"http:\/\/www.yespara.tn\/index.php?rest_route=\/wp\/v2\/product\/4180","targetHints":{"allow":["GET"]}}],"collection":[{"href":"http:\/\/www.yespara.tn\/index.php?rest_route=\/wp\/v2\/product"}],"about":[{"href":"http:\/\/www.yespara.tn\/index.php?rest_route=\/wp\/v2\/types\/product"}],"replies":[{"embeddable":true,"href":"http:\/\/www.yespara.tn\/index.php?rest_route=%2Fwp%2Fv2%2Fcomments&post=4180"}],"wp:featuredmedia":[{"embeddable":true,"href":"http:\/\/www.yespara.tn\/index.php?rest_route=\/wp\/v2\/media\/4179"}],"wp:attachment":[{"href":"http:\/\/www.yespara.tn\/index.php?rest_route=%2Fwp%2Fv2%2Fmedia&parent=4180"}],"wp:term":[{"taxonomy":"product_brand","embeddable":true,"href":"http:\/\/www.yespara.tn\/index.php?rest_route=%2Fwp%2Fv2%2Fproduct_brand&post=4180"},{"taxonomy":"product_cat","embeddable":true,"href":"http:\/\/www.yespara.tn\/index.php?rest_route=%2Fwp%2Fv2%2Fproduct_cat&post=4180"},{"taxonomy":"product_tag","embeddable":true,"href":"http:\/\/www.yespara.tn\/index.php?rest_route=%2Fwp%2Fv2%2Fproduct_tag&post=4180"}],"curies":[{"name":"wp","href":"https:\/\/api.w.org\/{rel}","templated":true}]}}