{"id":4156,"date":"2026-02-28T11:22:48","date_gmt":"2026-02-28T10:22:48","guid":{"rendered":"http:\/\/198.46.190.232\/mypara\/?product=dermedic-hydrain-3-gel-creme-ultra-hydratant-50gr"},"modified":"2026-02-28T12:44:51","modified_gmt":"2026-02-28T11:44:51","slug":"dermedic-hydrain-3-gel-creme-ultra-hydratant-50gr","status":"publish","type":"product","link":"http:\/\/www.yespara.tn\/?product=dermedic-hydrain-3-gel-creme-ultra-hydratant-50gr","title":{"rendered":"DERMEDIC hydrain 3 GEL CREME ultra hydratant 50GR"},"content":{"rendered":"","protected":false},"excerpt":{"rendered":"<p>\ud83d\udca6 Soin Hydratant Intense \u2013 48H d\u2019Hydratation Profonde \ud83c\udf3f \ud83c\udf0a Fournit une hydratation intense et durable , ressentie jusqu\u2019\u00e0 48 heures apr\u00e8s l\u2019application. \ud83d\udca7 R\u00e9hydrate en profondeur et limite la perte d\u2019eau trans\u00e9pidermique , pour une peau souple et \u00e9clatante. \ud83d\udee1 Renforce et r\u00e9g\u00e9n\u00e8re la peau, tout en pr\u00e9servant son \u00e9quilibre naturel.<\/p>\n","protected":false},"featured_media":4155,"comment_status":"open","ping_status":"closed","template":"","meta":[],"product_brand":[],"product_cat":[3128],"product_tag":[],"class_list":{"0":"post-4156","1":"product","2":"type-product","3":"status-publish","4":"has-post-thumbnail","6":"product_cat-dermedic-soins-visage-soins-hydratants-et-nourrissants-peaux-seches","8":"first","9":"instock","10":"sale","11":"taxable","12":"shipping-taxable","13":"purchasable","14":"product-type-simple"},"_links":{"self":[{"href":"http:\/\/www.yespara.tn\/index.php?rest_route=\/wp\/v2\/product\/4156","targetHints":{"allow":["GET"]}}],"collection":[{"href":"http:\/\/www.yespara.tn\/index.php?rest_route=\/wp\/v2\/product"}],"about":[{"href":"http:\/\/www.yespara.tn\/index.php?rest_route=\/wp\/v2\/types\/product"}],"replies":[{"embeddable":true,"href":"http:\/\/www.yespara.tn\/index.php?rest_route=%2Fwp%2Fv2%2Fcomments&post=4156"}],"wp:featuredmedia":[{"embeddable":true,"href":"http:\/\/www.yespara.tn\/index.php?rest_route=\/wp\/v2\/media\/4155"}],"wp:attachment":[{"href":"http:\/\/www.yespara.tn\/index.php?rest_route=%2Fwp%2Fv2%2Fmedia&parent=4156"}],"wp:term":[{"taxonomy":"product_brand","embeddable":true,"href":"http:\/\/www.yespara.tn\/index.php?rest_route=%2Fwp%2Fv2%2Fproduct_brand&post=4156"},{"taxonomy":"product_cat","embeddable":true,"href":"http:\/\/www.yespara.tn\/index.php?rest_route=%2Fwp%2Fv2%2Fproduct_cat&post=4156"},{"taxonomy":"product_tag","embeddable":true,"href":"http:\/\/www.yespara.tn\/index.php?rest_route=%2Fwp%2Fv2%2Fproduct_tag&post=4156"}],"curies":[{"name":"wp","href":"https:\/\/api.w.org\/{rel}","templated":true}]}}