{"id":4140,"date":"2026-02-28T11:22:36","date_gmt":"2026-02-28T10:22:36","guid":{"rendered":"http:\/\/198.46.190.232\/mypara\/?product=jonzac-rehydrate-gelee-fraicheur-50ml"},"modified":"2026-02-28T11:22:36","modified_gmt":"2026-02-28T10:22:36","slug":"jonzac-rehydrate-gelee-fraicheur-50ml","status":"publish","type":"product","link":"http:\/\/www.yespara.tn\/?product=jonzac-rehydrate-gelee-fraicheur-50ml","title":{"rendered":"jonzac rehydrate gelee fraicheur 50ml"},"content":{"rendered":"","protected":false},"excerpt":{"rendered":"<p>Enrichie en eau thermale de Jonzac, glyc\u00e9rine v\u00e9g\u00e9tale et acide hyaluronique d\u2019origine naturelle, la gel\u00e9e fra\u00eecheur hydrate naturellement la peau. Elle maintient l\u2019hydratation au c\u0153ur de l\u2019\u00e9piderme pendant 24 heures et renforce la barri\u00e8re cutan\u00e9e pour pr\u00e9venir du vieillissement pr\u00e9matur\u00e9.<\/p>\n","protected":false},"featured_media":4139,"comment_status":"open","ping_status":"closed","template":"","meta":[],"product_brand":[],"product_cat":[3125],"product_tag":[],"class_list":{"0":"post-4140","1":"product","2":"type-product","3":"status-publish","4":"has-post-thumbnail","6":"product_cat-jonzac-soins-hydratants-et-nourrissants-2","8":"first","9":"instock","10":"taxable","11":"shipping-taxable","12":"product-type-simple"},"_links":{"self":[{"href":"http:\/\/www.yespara.tn\/index.php?rest_route=\/wp\/v2\/product\/4140","targetHints":{"allow":["GET"]}}],"collection":[{"href":"http:\/\/www.yespara.tn\/index.php?rest_route=\/wp\/v2\/product"}],"about":[{"href":"http:\/\/www.yespara.tn\/index.php?rest_route=\/wp\/v2\/types\/product"}],"replies":[{"embeddable":true,"href":"http:\/\/www.yespara.tn\/index.php?rest_route=%2Fwp%2Fv2%2Fcomments&post=4140"}],"wp:featuredmedia":[{"embeddable":true,"href":"http:\/\/www.yespara.tn\/index.php?rest_route=\/wp\/v2\/media\/4139"}],"wp:attachment":[{"href":"http:\/\/www.yespara.tn\/index.php?rest_route=%2Fwp%2Fv2%2Fmedia&parent=4140"}],"wp:term":[{"taxonomy":"product_brand","embeddable":true,"href":"http:\/\/www.yespara.tn\/index.php?rest_route=%2Fwp%2Fv2%2Fproduct_brand&post=4140"},{"taxonomy":"product_cat","embeddable":true,"href":"http:\/\/www.yespara.tn\/index.php?rest_route=%2Fwp%2Fv2%2Fproduct_cat&post=4140"},{"taxonomy":"product_tag","embeddable":true,"href":"http:\/\/www.yespara.tn\/index.php?rest_route=%2Fwp%2Fv2%2Fproduct_tag&post=4140"}],"curies":[{"name":"wp","href":"https:\/\/api.w.org\/{rel}","templated":true}]}}