{"id":4132,"date":"2026-02-28T11:22:27","date_gmt":"2026-02-28T10:22:27","guid":{"rendered":"http:\/\/198.46.190.232\/mypara\/?product=jonzac-rehydrate-eau-micellaire-hydratante-500ml"},"modified":"2026-02-28T12:44:49","modified_gmt":"2026-02-28T11:44:49","slug":"jonzac-rehydrate-eau-micellaire-hydratante-500ml","status":"publish","type":"product","link":"http:\/\/www.yespara.tn\/?product=jonzac-rehydrate-eau-micellaire-hydratante-500ml","title":{"rendered":"jonzac rehydrate eau micellaire hydratante 500ml"},"content":{"rendered":"","protected":false},"excerpt":{"rendered":"<p>L\u2019eau micellaire de Jonzac nettoie, d\u00e9maquille et apaise le visage. Elle parfaitement adapt\u00e9e aux peaux sensibles et deshydrat\u00e9es.<\/p>\n","protected":false},"featured_media":4131,"comment_status":"open","ping_status":"closed","template":"","meta":[],"product_brand":[],"product_cat":[2128,3119],"product_tag":[],"class_list":{"0":"post-4132","1":"product","2":"type-product","3":"status-publish","4":"has-post-thumbnail","6":"product_cat-demaquillants","7":"product_cat-jonzac-soins-visage-nettoyants-visage","9":"first","10":"instock","11":"sale","12":"taxable","13":"shipping-taxable","14":"purchasable","15":"product-type-simple"},"_links":{"self":[{"href":"http:\/\/www.yespara.tn\/index.php?rest_route=\/wp\/v2\/product\/4132","targetHints":{"allow":["GET"]}}],"collection":[{"href":"http:\/\/www.yespara.tn\/index.php?rest_route=\/wp\/v2\/product"}],"about":[{"href":"http:\/\/www.yespara.tn\/index.php?rest_route=\/wp\/v2\/types\/product"}],"replies":[{"embeddable":true,"href":"http:\/\/www.yespara.tn\/index.php?rest_route=%2Fwp%2Fv2%2Fcomments&post=4132"}],"wp:featuredmedia":[{"embeddable":true,"href":"http:\/\/www.yespara.tn\/index.php?rest_route=\/wp\/v2\/media\/4131"}],"wp:attachment":[{"href":"http:\/\/www.yespara.tn\/index.php?rest_route=%2Fwp%2Fv2%2Fmedia&parent=4132"}],"wp:term":[{"taxonomy":"product_brand","embeddable":true,"href":"http:\/\/www.yespara.tn\/index.php?rest_route=%2Fwp%2Fv2%2Fproduct_brand&post=4132"},{"taxonomy":"product_cat","embeddable":true,"href":"http:\/\/www.yespara.tn\/index.php?rest_route=%2Fwp%2Fv2%2Fproduct_cat&post=4132"},{"taxonomy":"product_tag","embeddable":true,"href":"http:\/\/www.yespara.tn\/index.php?rest_route=%2Fwp%2Fv2%2Fproduct_tag&post=4132"}],"curies":[{"name":"wp","href":"https:\/\/api.w.org\/{rel}","templated":true}]}}