{"id":4128,"date":"2026-02-28T11:22:24","date_gmt":"2026-02-28T10:22:24","guid":{"rendered":"http:\/\/198.46.190.232\/mypara\/?product=jonzac-cica-creme-reparatrice-apaisante-40ml"},"modified":"2026-02-28T11:22:24","modified_gmt":"2026-02-28T10:22:24","slug":"jonzac-cica-creme-reparatrice-apaisante-40ml","status":"publish","type":"product","link":"http:\/\/www.yespara.tn\/?product=jonzac-cica-creme-reparatrice-apaisante-40ml","title":{"rendered":"jonzac +cica creme reparatrice apaisante 40ml"},"content":{"rendered":"","protected":false},"excerpt":{"rendered":"<p>Id\u00e9ale pour les peaux irrit\u00e9es, fragilis\u00e9es et ab\u00eem\u00e9es, cette cr\u00e8me r\u00e9g\u00e9n\u00e8re et prot\u00e8ge votre peau pour qu\u2019elle cicatrise mieux et plus vite en laissant moins de marques.<\/p>\n","protected":false},"featured_media":4127,"comment_status":"open","ping_status":"closed","template":"","meta":[],"product_brand":[],"product_cat":[3117],"product_tag":[],"class_list":{"0":"post-4128","1":"product","2":"type-product","3":"status-publish","4":"has-post-thumbnail","6":"product_cat-jonzac-soins-visage-2","8":"first","9":"instock","10":"taxable","11":"shipping-taxable","12":"product-type-simple"},"_links":{"self":[{"href":"http:\/\/www.yespara.tn\/index.php?rest_route=\/wp\/v2\/product\/4128","targetHints":{"allow":["GET"]}}],"collection":[{"href":"http:\/\/www.yespara.tn\/index.php?rest_route=\/wp\/v2\/product"}],"about":[{"href":"http:\/\/www.yespara.tn\/index.php?rest_route=\/wp\/v2\/types\/product"}],"replies":[{"embeddable":true,"href":"http:\/\/www.yespara.tn\/index.php?rest_route=%2Fwp%2Fv2%2Fcomments&post=4128"}],"wp:featuredmedia":[{"embeddable":true,"href":"http:\/\/www.yespara.tn\/index.php?rest_route=\/wp\/v2\/media\/4127"}],"wp:attachment":[{"href":"http:\/\/www.yespara.tn\/index.php?rest_route=%2Fwp%2Fv2%2Fmedia&parent=4128"}],"wp:term":[{"taxonomy":"product_brand","embeddable":true,"href":"http:\/\/www.yespara.tn\/index.php?rest_route=%2Fwp%2Fv2%2Fproduct_brand&post=4128"},{"taxonomy":"product_cat","embeddable":true,"href":"http:\/\/www.yespara.tn\/index.php?rest_route=%2Fwp%2Fv2%2Fproduct_cat&post=4128"},{"taxonomy":"product_tag","embeddable":true,"href":"http:\/\/www.yespara.tn\/index.php?rest_route=%2Fwp%2Fv2%2Fproduct_tag&post=4128"}],"curies":[{"name":"wp","href":"https:\/\/api.w.org\/{rel}","templated":true}]}}