{"id":4124,"date":"2026-02-28T11:22:21","date_gmt":"2026-02-28T10:22:21","guid":{"rendered":"http:\/\/198.46.190.232\/mypara\/?product=jonzac-rehydrate-serum-concentre-desalterant-30ml"},"modified":"2026-02-28T11:22:21","modified_gmt":"2026-02-28T10:22:21","slug":"jonzac-rehydrate-serum-concentre-desalterant-30ml","status":"publish","type":"product","link":"http:\/\/www.yespara.tn\/?product=jonzac-rehydrate-serum-concentre-desalterant-30ml","title":{"rendered":"jonzac rehydrate serum concentre desalterant 30ml"},"content":{"rendered":"","protected":false},"excerpt":{"rendered":"<p>Le s\u00e9rum H2O booster Rehydrate agit en profondeur pour combattre les signes de d\u00e9shydratation et reprogramme l\u2019hydratation naturelle de la peau gr\u00e2ce \u00e0 sa matrice d\u2019hydratation biomim\u00e9tique, r\u00e9seau de gel structur\u00e9 dans lequel sont comme encapsul\u00e9s des actifs boosters d\u2019hydratation tel que l\u2019acide hyaluronique.<\/p>\n","protected":false},"featured_media":4123,"comment_status":"open","ping_status":"closed","template":"","meta":[],"product_brand":[],"product_cat":[3059],"product_tag":[],"class_list":{"0":"post-4124","1":"product","2":"type-product","3":"status-publish","4":"has-post-thumbnail","6":"product_cat-jonzac-soins-visage-serums-anti-age","8":"first","9":"instock","10":"taxable","11":"shipping-taxable","12":"product-type-simple"},"_links":{"self":[{"href":"http:\/\/www.yespara.tn\/index.php?rest_route=\/wp\/v2\/product\/4124","targetHints":{"allow":["GET"]}}],"collection":[{"href":"http:\/\/www.yespara.tn\/index.php?rest_route=\/wp\/v2\/product"}],"about":[{"href":"http:\/\/www.yespara.tn\/index.php?rest_route=\/wp\/v2\/types\/product"}],"replies":[{"embeddable":true,"href":"http:\/\/www.yespara.tn\/index.php?rest_route=%2Fwp%2Fv2%2Fcomments&post=4124"}],"wp:featuredmedia":[{"embeddable":true,"href":"http:\/\/www.yespara.tn\/index.php?rest_route=\/wp\/v2\/media\/4123"}],"wp:attachment":[{"href":"http:\/\/www.yespara.tn\/index.php?rest_route=%2Fwp%2Fv2%2Fmedia&parent=4124"}],"wp:term":[{"taxonomy":"product_brand","embeddable":true,"href":"http:\/\/www.yespara.tn\/index.php?rest_route=%2Fwp%2Fv2%2Fproduct_brand&post=4124"},{"taxonomy":"product_cat","embeddable":true,"href":"http:\/\/www.yespara.tn\/index.php?rest_route=%2Fwp%2Fv2%2Fproduct_cat&post=4124"},{"taxonomy":"product_tag","embeddable":true,"href":"http:\/\/www.yespara.tn\/index.php?rest_route=%2Fwp%2Fv2%2Fproduct_tag&post=4124"}],"curies":[{"name":"wp","href":"https:\/\/api.w.org\/{rel}","templated":true}]}}