{"id":4122,"date":"2026-02-28T11:22:19","date_gmt":"2026-02-28T10:22:19","guid":{"rendered":"http:\/\/198.46.190.232\/mypara\/?product=jonzac-rehydrate-soin-riche-onctueux-50ml"},"modified":"2026-02-28T11:22:20","modified_gmt":"2026-02-28T10:22:20","slug":"jonzac-rehydrate-soin-riche-onctueux-50ml","status":"publish","type":"product","link":"http:\/\/www.yespara.tn\/?product=jonzac-rehydrate-soin-riche-onctueux-50ml","title":{"rendered":"jonzac rehydrate soin riche onctueux  50ml"},"content":{"rendered":"","protected":false},"excerpt":{"rendered":"<p>Soin riche r\u00e9hydratant \u2013 50ml Hydratation, imm\u00e9diate et prolong\u00e9e La formule du Soin riche REhydrate renforce le film hydrolipidique de la peau pour apporter jour apr\u00e8s jour confort et souplesse aux peaux normales \u00e0 s\u00e8ches.<\/p>\n","protected":false},"featured_media":4121,"comment_status":"open","ping_status":"closed","template":"","meta":[],"product_brand":[],"product_cat":[2128,3115],"product_tag":[],"class_list":{"0":"post-4122","1":"product","2":"type-product","3":"status-publish","4":"has-post-thumbnail","6":"product_cat-demaquillants","7":"product_cat-jonzac-soins-visage-serums-anti-age-nettoyants-visage","9":"first","10":"instock","11":"taxable","12":"shipping-taxable","13":"product-type-simple"},"_links":{"self":[{"href":"http:\/\/www.yespara.tn\/index.php?rest_route=\/wp\/v2\/product\/4122","targetHints":{"allow":["GET"]}}],"collection":[{"href":"http:\/\/www.yespara.tn\/index.php?rest_route=\/wp\/v2\/product"}],"about":[{"href":"http:\/\/www.yespara.tn\/index.php?rest_route=\/wp\/v2\/types\/product"}],"replies":[{"embeddable":true,"href":"http:\/\/www.yespara.tn\/index.php?rest_route=%2Fwp%2Fv2%2Fcomments&post=4122"}],"wp:featuredmedia":[{"embeddable":true,"href":"http:\/\/www.yespara.tn\/index.php?rest_route=\/wp\/v2\/media\/4121"}],"wp:attachment":[{"href":"http:\/\/www.yespara.tn\/index.php?rest_route=%2Fwp%2Fv2%2Fmedia&parent=4122"}],"wp:term":[{"taxonomy":"product_brand","embeddable":true,"href":"http:\/\/www.yespara.tn\/index.php?rest_route=%2Fwp%2Fv2%2Fproduct_brand&post=4122"},{"taxonomy":"product_cat","embeddable":true,"href":"http:\/\/www.yespara.tn\/index.php?rest_route=%2Fwp%2Fv2%2Fproduct_cat&post=4122"},{"taxonomy":"product_tag","embeddable":true,"href":"http:\/\/www.yespara.tn\/index.php?rest_route=%2Fwp%2Fv2%2Fproduct_tag&post=4122"}],"curies":[{"name":"wp","href":"https:\/\/api.w.org\/{rel}","templated":true}]}}