{"id":4120,"date":"2026-02-28T11:22:18","date_gmt":"2026-02-28T10:22:18","guid":{"rendered":"http:\/\/198.46.190.232\/mypara\/?product=jonzac-reactive-creme-riche-haute-tolerance-40ml"},"modified":"2026-02-28T11:22:18","modified_gmt":"2026-02-28T10:22:18","slug":"jonzac-reactive-creme-riche-haute-tolerance-40ml","status":"publish","type":"product","link":"http:\/\/www.yespara.tn\/?product=jonzac-reactive-creme-riche-haute-tolerance-40ml","title":{"rendered":"JONZAC REACTIVE CREME RICHE HAUTE TOLERANCE 40ML"},"content":{"rendered":"","protected":false},"excerpt":{"rendered":"<p>Cette cr\u00e8me apaisante riche est sp\u00e9cialement formul\u00e9e pour r\u00e9pondre aux besoins des peaux r\u00e9actives et intol\u00e9rantes normales \u00e0 s\u00e8ches.<\/p>\n","protected":false},"featured_media":4119,"comment_status":"open","ping_status":"closed","template":"","meta":[],"product_brand":[],"product_cat":[3113],"product_tag":[],"class_list":{"0":"post-4120","1":"product","2":"type-product","3":"status-publish","4":"has-post-thumbnail","6":"product_cat-jonzac-soins-visage-peaux-seches-peaux-normales-a-mixtes-peaux-intolerantes","8":"first","9":"instock","10":"taxable","11":"shipping-taxable","12":"product-type-simple"},"_links":{"self":[{"href":"http:\/\/www.yespara.tn\/index.php?rest_route=\/wp\/v2\/product\/4120","targetHints":{"allow":["GET"]}}],"collection":[{"href":"http:\/\/www.yespara.tn\/index.php?rest_route=\/wp\/v2\/product"}],"about":[{"href":"http:\/\/www.yespara.tn\/index.php?rest_route=\/wp\/v2\/types\/product"}],"replies":[{"embeddable":true,"href":"http:\/\/www.yespara.tn\/index.php?rest_route=%2Fwp%2Fv2%2Fcomments&post=4120"}],"wp:featuredmedia":[{"embeddable":true,"href":"http:\/\/www.yespara.tn\/index.php?rest_route=\/wp\/v2\/media\/4119"}],"wp:attachment":[{"href":"http:\/\/www.yespara.tn\/index.php?rest_route=%2Fwp%2Fv2%2Fmedia&parent=4120"}],"wp:term":[{"taxonomy":"product_brand","embeddable":true,"href":"http:\/\/www.yespara.tn\/index.php?rest_route=%2Fwp%2Fv2%2Fproduct_brand&post=4120"},{"taxonomy":"product_cat","embeddable":true,"href":"http:\/\/www.yespara.tn\/index.php?rest_route=%2Fwp%2Fv2%2Fproduct_cat&post=4120"},{"taxonomy":"product_tag","embeddable":true,"href":"http:\/\/www.yespara.tn\/index.php?rest_route=%2Fwp%2Fv2%2Fproduct_tag&post=4120"}],"curies":[{"name":"wp","href":"https:\/\/api.w.org\/{rel}","templated":true}]}}