{"id":4118,"date":"2026-02-28T11:22:16","date_gmt":"2026-02-28T10:22:16","guid":{"rendered":"http:\/\/198.46.190.232\/mypara\/?product=jonzac-rehydrate-gelee-gommante-douceur-75ml"},"modified":"2026-02-28T11:22:16","modified_gmt":"2026-02-28T10:22:16","slug":"jonzac-rehydrate-gelee-gommante-douceur-75ml","status":"publish","type":"product","link":"http:\/\/www.yespara.tn\/?product=jonzac-rehydrate-gelee-gommante-douceur-75ml","title":{"rendered":"jonzac rehydrate gelee gommante douceur 75ml"},"content":{"rendered":"","protected":false},"excerpt":{"rendered":"<p>Jonzac REhydrate Gel\u00e9e Gommante Douceur Bio 75 ml est une gel\u00e9e gommante qui exfolie d\u00e9licatement pour lisser la peau et r\u00e9veiller l\u2019\u00e9clat du teint . Sa formule gel\u00e9e rafra\u00eechissante \u00e9limine en douceur les cellules mortes et les impuret\u00e9s. Le grain de peau est affin\u00e9 et le teint est plus frais.<\/p>\n","protected":false},"featured_media":4117,"comment_status":"open","ping_status":"closed","template":"","meta":[],"product_brand":[],"product_cat":[3111],"product_tag":[],"class_list":{"0":"post-4118","1":"product","2":"type-product","3":"status-publish","4":"has-post-thumbnail","6":"product_cat-jonzac-soins-visage-soins-pour-le-corps-2","8":"first","9":"instock","10":"taxable","11":"shipping-taxable","12":"product-type-simple"},"_links":{"self":[{"href":"http:\/\/www.yespara.tn\/index.php?rest_route=\/wp\/v2\/product\/4118","targetHints":{"allow":["GET"]}}],"collection":[{"href":"http:\/\/www.yespara.tn\/index.php?rest_route=\/wp\/v2\/product"}],"about":[{"href":"http:\/\/www.yespara.tn\/index.php?rest_route=\/wp\/v2\/types\/product"}],"replies":[{"embeddable":true,"href":"http:\/\/www.yespara.tn\/index.php?rest_route=%2Fwp%2Fv2%2Fcomments&post=4118"}],"wp:featuredmedia":[{"embeddable":true,"href":"http:\/\/www.yespara.tn\/index.php?rest_route=\/wp\/v2\/media\/4117"}],"wp:attachment":[{"href":"http:\/\/www.yespara.tn\/index.php?rest_route=%2Fwp%2Fv2%2Fmedia&parent=4118"}],"wp:term":[{"taxonomy":"product_brand","embeddable":true,"href":"http:\/\/www.yespara.tn\/index.php?rest_route=%2Fwp%2Fv2%2Fproduct_brand&post=4118"},{"taxonomy":"product_cat","embeddable":true,"href":"http:\/\/www.yespara.tn\/index.php?rest_route=%2Fwp%2Fv2%2Fproduct_cat&post=4118"},{"taxonomy":"product_tag","embeddable":true,"href":"http:\/\/www.yespara.tn\/index.php?rest_route=%2Fwp%2Fv2%2Fproduct_tag&post=4118"}],"curies":[{"name":"wp","href":"https:\/\/api.w.org\/{rel}","templated":true}]}}