{"id":4116,"date":"2026-02-28T11:22:15","date_gmt":"2026-02-28T10:22:15","guid":{"rendered":"http:\/\/198.46.190.232\/mypara\/?product=jonzac-soin-teinte-apaisant-anti-rougeurs-40ml"},"modified":"2026-02-28T11:22:15","modified_gmt":"2026-02-28T10:22:15","slug":"jonzac-soin-teinte-apaisant-anti-rougeurs-40ml","status":"publish","type":"product","link":"http:\/\/www.yespara.tn\/?product=jonzac-soin-teinte-apaisant-anti-rougeurs-40ml","title":{"rendered":"jonzac soin teinte apaisant anti rougeurs 40ml"},"content":{"rendered":"","protected":false},"excerpt":{"rendered":"<p>Nouvelle avanc\u00e9e dermo-cosm\u00e9tique, ce soin apporte du confort \u00e0 la peau et aide \u00e0 limiter les facteurs responsables des rougeurs passag\u00e8res diffuses ou install\u00e9es pour les att\u00e9nuer et pr\u00e9venir leur r\u00e9apparition durablement.<\/p>\n","protected":false},"featured_media":4115,"comment_status":"open","ping_status":"closed","template":"","meta":[],"product_brand":[],"product_cat":[3110],"product_tag":[],"class_list":{"0":"post-4116","1":"product","2":"type-product","3":"status-publish","4":"has-post-thumbnail","6":"product_cat-jonzac-soins-visage-soins-anti-rougeurs-et-peau-sensible-eaux-thermales-2","8":"first","9":"instock","10":"taxable","11":"shipping-taxable","12":"product-type-simple"},"_links":{"self":[{"href":"http:\/\/www.yespara.tn\/index.php?rest_route=\/wp\/v2\/product\/4116","targetHints":{"allow":["GET"]}}],"collection":[{"href":"http:\/\/www.yespara.tn\/index.php?rest_route=\/wp\/v2\/product"}],"about":[{"href":"http:\/\/www.yespara.tn\/index.php?rest_route=\/wp\/v2\/types\/product"}],"replies":[{"embeddable":true,"href":"http:\/\/www.yespara.tn\/index.php?rest_route=%2Fwp%2Fv2%2Fcomments&post=4116"}],"wp:featuredmedia":[{"embeddable":true,"href":"http:\/\/www.yespara.tn\/index.php?rest_route=\/wp\/v2\/media\/4115"}],"wp:attachment":[{"href":"http:\/\/www.yespara.tn\/index.php?rest_route=%2Fwp%2Fv2%2Fmedia&parent=4116"}],"wp:term":[{"taxonomy":"product_brand","embeddable":true,"href":"http:\/\/www.yespara.tn\/index.php?rest_route=%2Fwp%2Fv2%2Fproduct_brand&post=4116"},{"taxonomy":"product_cat","embeddable":true,"href":"http:\/\/www.yespara.tn\/index.php?rest_route=%2Fwp%2Fv2%2Fproduct_cat&post=4116"},{"taxonomy":"product_tag","embeddable":true,"href":"http:\/\/www.yespara.tn\/index.php?rest_route=%2Fwp%2Fv2%2Fproduct_tag&post=4116"}],"curies":[{"name":"wp","href":"https:\/\/api.w.org\/{rel}","templated":true}]}}