{"id":4112,"date":"2026-02-28T11:22:12","date_gmt":"2026-02-28T10:22:12","guid":{"rendered":"http:\/\/198.46.190.232\/mypara\/?product=beesline-creme-de-jour-eclaircissante-spf30-50ml"},"modified":"2026-02-28T11:22:12","modified_gmt":"2026-02-28T10:22:12","slug":"beesline-creme-de-jour-eclaircissante-spf30-50ml","status":"publish","type":"product","link":"http:\/\/www.yespara.tn\/?product=beesline-creme-de-jour-eclaircissante-spf30-50ml","title":{"rendered":"beesline creme de jour eclaircissante spf30 50ml"},"content":{"rendered":"","protected":false},"excerpt":{"rendered":"<p>Une cr\u00e8me hydratante qui laisse la peau \u00e9clatante, nourrie et souple. Agit tout au long de la journ\u00e9e pour r\u00e9duire l\u2019apparence des imperfections et des rides tout en prot\u00e9geant contre les dommages caus\u00e9s par les UV.<\/p>\n","protected":false},"featured_media":4111,"comment_status":"open","ping_status":"closed","template":"","meta":[],"product_brand":[],"product_cat":[3106],"product_tag":[],"class_list":{"0":"post-4112","1":"product","2":"type-product","3":"status-publish","4":"has-post-thumbnail","6":"product_cat-beesline-soins-hydratants-et-nourrissants-gels-nettoyants-2","8":"first","9":"instock","10":"taxable","11":"shipping-taxable","12":"product-type-simple"},"_links":{"self":[{"href":"http:\/\/www.yespara.tn\/index.php?rest_route=\/wp\/v2\/product\/4112","targetHints":{"allow":["GET"]}}],"collection":[{"href":"http:\/\/www.yespara.tn\/index.php?rest_route=\/wp\/v2\/product"}],"about":[{"href":"http:\/\/www.yespara.tn\/index.php?rest_route=\/wp\/v2\/types\/product"}],"replies":[{"embeddable":true,"href":"http:\/\/www.yespara.tn\/index.php?rest_route=%2Fwp%2Fv2%2Fcomments&post=4112"}],"wp:featuredmedia":[{"embeddable":true,"href":"http:\/\/www.yespara.tn\/index.php?rest_route=\/wp\/v2\/media\/4111"}],"wp:attachment":[{"href":"http:\/\/www.yespara.tn\/index.php?rest_route=%2Fwp%2Fv2%2Fmedia&parent=4112"}],"wp:term":[{"taxonomy":"product_brand","embeddable":true,"href":"http:\/\/www.yespara.tn\/index.php?rest_route=%2Fwp%2Fv2%2Fproduct_brand&post=4112"},{"taxonomy":"product_cat","embeddable":true,"href":"http:\/\/www.yespara.tn\/index.php?rest_route=%2Fwp%2Fv2%2Fproduct_cat&post=4112"},{"taxonomy":"product_tag","embeddable":true,"href":"http:\/\/www.yespara.tn\/index.php?rest_route=%2Fwp%2Fv2%2Fproduct_tag&post=4112"}],"curies":[{"name":"wp","href":"https:\/\/api.w.org\/{rel}","templated":true}]}}