{"id":4104,"date":"2026-02-28T11:22:05","date_gmt":"2026-02-28T10:22:05","guid":{"rendered":"http:\/\/198.46.190.232\/mypara\/?product=cereza-perfect-creme-de-nuit-anti-taches-50ml"},"modified":"2026-02-28T11:22:05","modified_gmt":"2026-02-28T10:22:05","slug":"cereza-perfect-creme-de-nuit-anti-taches-50ml","status":"publish","type":"product","link":"http:\/\/www.yespara.tn\/?product=cereza-perfect-creme-de-nuit-anti-taches-50ml","title":{"rendered":"cereza perfect creme de nuit anti-taches 50ml"},"content":{"rendered":"","protected":false},"excerpt":{"rendered":"<p>Cereza Pure Cr\u00e8me de nuit anti- t\u00e2ches Unifie Affine le grain de la peau \u00e0 base d\u2019acide glycolique, Ac\u00e9rola, &#038; Vinif\u00e9rine pour l\u2019\u00e9clat Types de peaux : tous types de peaux Contenance : 50ml DLC : 12 mois apr\u00e8s l\u2019ouverture<\/p>\n","protected":false},"featured_media":4103,"comment_status":"open","ping_status":"closed","template":"","meta":[],"product_brand":[],"product_cat":[3102],"product_tag":[],"class_list":{"0":"post-4104","1":"product","2":"type-product","3":"status-publish","4":"has-post-thumbnail","6":"product_cat-cereza-soins-visage-soins-eclaircissants","8":"first","9":"instock","10":"taxable","11":"shipping-taxable","12":"product-type-simple"},"_links":{"self":[{"href":"http:\/\/www.yespara.tn\/index.php?rest_route=\/wp\/v2\/product\/4104","targetHints":{"allow":["GET"]}}],"collection":[{"href":"http:\/\/www.yespara.tn\/index.php?rest_route=\/wp\/v2\/product"}],"about":[{"href":"http:\/\/www.yespara.tn\/index.php?rest_route=\/wp\/v2\/types\/product"}],"replies":[{"embeddable":true,"href":"http:\/\/www.yespara.tn\/index.php?rest_route=%2Fwp%2Fv2%2Fcomments&post=4104"}],"wp:featuredmedia":[{"embeddable":true,"href":"http:\/\/www.yespara.tn\/index.php?rest_route=\/wp\/v2\/media\/4103"}],"wp:attachment":[{"href":"http:\/\/www.yespara.tn\/index.php?rest_route=%2Fwp%2Fv2%2Fmedia&parent=4104"}],"wp:term":[{"taxonomy":"product_brand","embeddable":true,"href":"http:\/\/www.yespara.tn\/index.php?rest_route=%2Fwp%2Fv2%2Fproduct_brand&post=4104"},{"taxonomy":"product_cat","embeddable":true,"href":"http:\/\/www.yespara.tn\/index.php?rest_route=%2Fwp%2Fv2%2Fproduct_cat&post=4104"},{"taxonomy":"product_tag","embeddable":true,"href":"http:\/\/www.yespara.tn\/index.php?rest_route=%2Fwp%2Fv2%2Fproduct_tag&post=4104"}],"curies":[{"name":"wp","href":"https:\/\/api.w.org\/{rel}","templated":true}]}}