{"id":4102,"date":"2026-02-28T11:22:03","date_gmt":"2026-02-28T10:22:03","guid":{"rendered":"http:\/\/198.46.190.232\/mypara\/?product=cereza-pure-creme-de-nuit-fluide-matifiant-hydratante-50ml"},"modified":"2026-02-28T11:22:03","modified_gmt":"2026-02-28T10:22:03","slug":"cereza-pure-creme-de-nuit-fluide-matifiant-hydratante-50ml","status":"publish","type":"product","link":"http:\/\/www.yespara.tn\/?product=cereza-pure-creme-de-nuit-fluide-matifiant-hydratante-50ml","title":{"rendered":"cereza pure creme de nuit fluide matifiant &#038; hydratante 50ml"},"content":{"rendered":"","protected":false},"excerpt":{"rendered":"<p>Cereza Pure Cr\u00e8me de nuit Fluide matifiant &#038; hydratante Anti-imperfections Anti brillance \u00e0 base Polyphenols \u2013 Squalane v\u00e9g\u00e9tal \u2013 Poudre de silice Types de peaux : grasses \u00e0 tendance acn\u00e9ique Contenance : 50ml DLC : 12 mois apr\u00e8s l\u2019ouverture<\/p>\n","protected":false},"featured_media":4101,"comment_status":"open","ping_status":"closed","template":"","meta":[],"product_brand":[],"product_cat":[3103],"product_tag":[],"class_list":{"0":"post-4102","1":"product","2":"type-product","3":"status-publish","4":"has-post-thumbnail","6":"product_cat-cereza-soins-visage-2","8":"first","9":"instock","10":"taxable","11":"shipping-taxable","12":"product-type-simple"},"_links":{"self":[{"href":"http:\/\/www.yespara.tn\/index.php?rest_route=\/wp\/v2\/product\/4102","targetHints":{"allow":["GET"]}}],"collection":[{"href":"http:\/\/www.yespara.tn\/index.php?rest_route=\/wp\/v2\/product"}],"about":[{"href":"http:\/\/www.yespara.tn\/index.php?rest_route=\/wp\/v2\/types\/product"}],"replies":[{"embeddable":true,"href":"http:\/\/www.yespara.tn\/index.php?rest_route=%2Fwp%2Fv2%2Fcomments&post=4102"}],"wp:featuredmedia":[{"embeddable":true,"href":"http:\/\/www.yespara.tn\/index.php?rest_route=\/wp\/v2\/media\/4101"}],"wp:attachment":[{"href":"http:\/\/www.yespara.tn\/index.php?rest_route=%2Fwp%2Fv2%2Fmedia&parent=4102"}],"wp:term":[{"taxonomy":"product_brand","embeddable":true,"href":"http:\/\/www.yespara.tn\/index.php?rest_route=%2Fwp%2Fv2%2Fproduct_brand&post=4102"},{"taxonomy":"product_cat","embeddable":true,"href":"http:\/\/www.yespara.tn\/index.php?rest_route=%2Fwp%2Fv2%2Fproduct_cat&post=4102"},{"taxonomy":"product_tag","embeddable":true,"href":"http:\/\/www.yespara.tn\/index.php?rest_route=%2Fwp%2Fv2%2Fproduct_tag&post=4102"}],"curies":[{"name":"wp","href":"https:\/\/api.w.org\/{rel}","templated":true}]}}