{"id":4100,"date":"2026-02-28T11:22:02","date_gmt":"2026-02-28T10:22:02","guid":{"rendered":"http:\/\/198.46.190.232\/mypara\/?product=cereza-pure-serum-salicylique-anti-imperfections-30ml"},"modified":"2026-02-28T11:22:02","modified_gmt":"2026-02-28T10:22:02","slug":"cereza-pure-serum-salicylique-anti-imperfections-30ml","status":"publish","type":"product","link":"http:\/\/www.yespara.tn\/?product=cereza-pure-serum-salicylique-anti-imperfections-30ml","title":{"rendered":"cereza pure serum salicylique anti-imperfections 30ml"},"content":{"rendered":"","protected":false},"excerpt":{"rendered":"<p>Cereza Pure S\u00e9rum salicylique anti-imperfections \u00e0 base d\u2019acide salicylique \u2013 Niacinamide \u2013 Polyph\u00e9nol Types de peaux : grasses \u00e0 tendance acn\u00e9ique Contenance : 30ml DLC : 12 mois apr\u00e8s l\u2019ouverture<\/p>\n","protected":false},"featured_media":4099,"comment_status":"open","ping_status":"closed","template":"","meta":[],"product_brand":[],"product_cat":[3102],"product_tag":[],"class_list":{"0":"post-4100","1":"product","2":"type-product","3":"status-publish","4":"has-post-thumbnail","6":"product_cat-cereza-soins-visage-soins-eclaircissants","8":"first","9":"instock","10":"taxable","11":"shipping-taxable","12":"product-type-simple"},"_links":{"self":[{"href":"http:\/\/www.yespara.tn\/index.php?rest_route=\/wp\/v2\/product\/4100","targetHints":{"allow":["GET"]}}],"collection":[{"href":"http:\/\/www.yespara.tn\/index.php?rest_route=\/wp\/v2\/product"}],"about":[{"href":"http:\/\/www.yespara.tn\/index.php?rest_route=\/wp\/v2\/types\/product"}],"replies":[{"embeddable":true,"href":"http:\/\/www.yespara.tn\/index.php?rest_route=%2Fwp%2Fv2%2Fcomments&post=4100"}],"wp:featuredmedia":[{"embeddable":true,"href":"http:\/\/www.yespara.tn\/index.php?rest_route=\/wp\/v2\/media\/4099"}],"wp:attachment":[{"href":"http:\/\/www.yespara.tn\/index.php?rest_route=%2Fwp%2Fv2%2Fmedia&parent=4100"}],"wp:term":[{"taxonomy":"product_brand","embeddable":true,"href":"http:\/\/www.yespara.tn\/index.php?rest_route=%2Fwp%2Fv2%2Fproduct_brand&post=4100"},{"taxonomy":"product_cat","embeddable":true,"href":"http:\/\/www.yespara.tn\/index.php?rest_route=%2Fwp%2Fv2%2Fproduct_cat&post=4100"},{"taxonomy":"product_tag","embeddable":true,"href":"http:\/\/www.yespara.tn\/index.php?rest_route=%2Fwp%2Fv2%2Fproduct_tag&post=4100"}],"curies":[{"name":"wp","href":"https:\/\/api.w.org\/{rel}","templated":true}]}}