{"id":4094,"date":"2026-02-28T11:21:57","date_gmt":"2026-02-28T10:21:57","guid":{"rendered":"http:\/\/198.46.190.232\/mypara\/?product=bioderma-hydrabio-serum-concentre-40ml"},"modified":"2026-02-28T11:21:58","modified_gmt":"2026-02-28T10:21:58","slug":"bioderma-hydrabio-serum-concentre-40ml","status":"publish","type":"product","link":"http:\/\/www.yespara.tn\/?product=bioderma-hydrabio-serum-concentre-40ml","title":{"rendered":"bioderma hydrabio serum concentre 40ml"},"content":{"rendered":"","protected":false},"excerpt":{"rendered":"<p>Hydrabio S\u00e9rum r\u00e9apprend \u00e0 la peau \u00e0 relancer elle-m\u00eame ses capacit\u00e9s naturelles d\u2019hydratation en stimulant la synth\u00e8se des aquaporines \u2013 v\u00e9ritables canaux hydriques de l\u2019 \u00e9piderme \u2013 et \u00e0 retenir l\u2019eau indispensable \u00e0 son \u00e9quilibre.<\/p>\n","protected":false},"featured_media":4093,"comment_status":"open","ping_status":"closed","template":"","meta":[],"product_brand":[],"product_cat":[3099],"product_tag":[],"class_list":{"0":"post-4094","1":"product","2":"type-product","3":"status-publish","4":"has-post-thumbnail","6":"product_cat-bioderma-toutes-peaux-soins-visage-soins-hydratants-et-nourrissants-2","8":"first","9":"instock","10":"taxable","11":"shipping-taxable","12":"product-type-simple"},"_links":{"self":[{"href":"http:\/\/www.yespara.tn\/index.php?rest_route=\/wp\/v2\/product\/4094","targetHints":{"allow":["GET"]}}],"collection":[{"href":"http:\/\/www.yespara.tn\/index.php?rest_route=\/wp\/v2\/product"}],"about":[{"href":"http:\/\/www.yespara.tn\/index.php?rest_route=\/wp\/v2\/types\/product"}],"replies":[{"embeddable":true,"href":"http:\/\/www.yespara.tn\/index.php?rest_route=%2Fwp%2Fv2%2Fcomments&post=4094"}],"wp:featuredmedia":[{"embeddable":true,"href":"http:\/\/www.yespara.tn\/index.php?rest_route=\/wp\/v2\/media\/4093"}],"wp:attachment":[{"href":"http:\/\/www.yespara.tn\/index.php?rest_route=%2Fwp%2Fv2%2Fmedia&parent=4094"}],"wp:term":[{"taxonomy":"product_brand","embeddable":true,"href":"http:\/\/www.yespara.tn\/index.php?rest_route=%2Fwp%2Fv2%2Fproduct_brand&post=4094"},{"taxonomy":"product_cat","embeddable":true,"href":"http:\/\/www.yespara.tn\/index.php?rest_route=%2Fwp%2Fv2%2Fproduct_cat&post=4094"},{"taxonomy":"product_tag","embeddable":true,"href":"http:\/\/www.yespara.tn\/index.php?rest_route=%2Fwp%2Fv2%2Fproduct_tag&post=4094"}],"curies":[{"name":"wp","href":"https:\/\/api.w.org\/{rel}","templated":true}]}}