{"id":4088,"date":"2026-02-28T11:21:53","date_gmt":"2026-02-28T10:21:53","guid":{"rendered":"http:\/\/198.46.190.232\/mypara\/?product=bioderma-sebium-pore-refiner-soin-correcteur-30-ml"},"modified":"2026-02-28T11:21:53","modified_gmt":"2026-02-28T10:21:53","slug":"bioderma-sebium-pore-refiner-soin-correcteur-30-ml","status":"publish","type":"product","link":"http:\/\/www.yespara.tn\/?product=bioderma-sebium-pore-refiner-soin-correcteur-30-ml","title":{"rendered":"bioderma sebium pore refiner soin correcteur 30 ml"},"content":{"rendered":"","protected":false},"excerpt":{"rendered":"<p>Le concentr\u00e9 correcteur pores dilat\u00e9s destin\u00e9 aux peaux mixtes \u00e0 grasses.<\/p>\n","protected":false},"featured_media":4087,"comment_status":"open","ping_status":"closed","template":"","meta":[],"product_brand":[],"product_cat":[2839,2140],"product_tag":[],"class_list":{"0":"post-4088","1":"product","2":"type-product","3":"status-publish","4":"has-post-thumbnail","6":"product_cat-bioderma-soins-visage-mixte-et-acne","7":"product_cat-soins-peau-grasse","9":"first","10":"instock","11":"taxable","12":"shipping-taxable","13":"product-type-simple"},"_links":{"self":[{"href":"http:\/\/www.yespara.tn\/index.php?rest_route=\/wp\/v2\/product\/4088","targetHints":{"allow":["GET"]}}],"collection":[{"href":"http:\/\/www.yespara.tn\/index.php?rest_route=\/wp\/v2\/product"}],"about":[{"href":"http:\/\/www.yespara.tn\/index.php?rest_route=\/wp\/v2\/types\/product"}],"replies":[{"embeddable":true,"href":"http:\/\/www.yespara.tn\/index.php?rest_route=%2Fwp%2Fv2%2Fcomments&post=4088"}],"wp:featuredmedia":[{"embeddable":true,"href":"http:\/\/www.yespara.tn\/index.php?rest_route=\/wp\/v2\/media\/4087"}],"wp:attachment":[{"href":"http:\/\/www.yespara.tn\/index.php?rest_route=%2Fwp%2Fv2%2Fmedia&parent=4088"}],"wp:term":[{"taxonomy":"product_brand","embeddable":true,"href":"http:\/\/www.yespara.tn\/index.php?rest_route=%2Fwp%2Fv2%2Fproduct_brand&post=4088"},{"taxonomy":"product_cat","embeddable":true,"href":"http:\/\/www.yespara.tn\/index.php?rest_route=%2Fwp%2Fv2%2Fproduct_cat&post=4088"},{"taxonomy":"product_tag","embeddable":true,"href":"http:\/\/www.yespara.tn\/index.php?rest_route=%2Fwp%2Fv2%2Fproduct_tag&post=4088"}],"curies":[{"name":"wp","href":"https:\/\/api.w.org\/{rel}","templated":true}]}}