{"id":4086,"date":"2026-02-28T11:21:52","date_gmt":"2026-02-28T10:21:52","guid":{"rendered":"http:\/\/198.46.190.232\/mypara\/?product=bioderma-pigmentbio-soin-de-nuit-eclaircissant-50ml"},"modified":"2026-02-28T11:21:52","modified_gmt":"2026-02-28T10:21:52","slug":"bioderma-pigmentbio-soin-de-nuit-eclaircissant-50ml","status":"publish","type":"product","link":"http:\/\/www.yespara.tn\/?product=bioderma-pigmentbio-soin-de-nuit-eclaircissant-50ml","title":{"rendered":"BIODERMA PIGMENTBIO SOIN DE NUIT \u00c9CLAIRCISSANT 50ml"},"content":{"rendered":"","protected":false},"excerpt":{"rendered":"<p>Bioderma Pigmentbio Night Renewer\u00a0est une cr\u00e8me de nuit qui aide non seulement \u00e0 pr\u00e9venir et \u00e0 r\u00e9duire l\u2019apparence des hyperpigmentations, mais stimule \u00e9galement la production de collag\u00e8ne et le renouvellement cellulaire, vous donnant un aspect repulp\u00e9, radieux et jeune le matin<\/p>\n","protected":false},"featured_media":4085,"comment_status":"open","ping_status":"closed","template":"","meta":[],"product_brand":[],"product_cat":[3098],"product_tag":[],"class_list":{"0":"post-4086","1":"product","2":"type-product","3":"status-publish","4":"has-post-thumbnail","6":"product_cat-bioderma-soins-visage-soins-anti-taches-et-depigmentants","8":"first","9":"instock","10":"taxable","11":"shipping-taxable","12":"product-type-simple"},"_links":{"self":[{"href":"http:\/\/www.yespara.tn\/index.php?rest_route=\/wp\/v2\/product\/4086","targetHints":{"allow":["GET"]}}],"collection":[{"href":"http:\/\/www.yespara.tn\/index.php?rest_route=\/wp\/v2\/product"}],"about":[{"href":"http:\/\/www.yespara.tn\/index.php?rest_route=\/wp\/v2\/types\/product"}],"replies":[{"embeddable":true,"href":"http:\/\/www.yespara.tn\/index.php?rest_route=%2Fwp%2Fv2%2Fcomments&post=4086"}],"wp:featuredmedia":[{"embeddable":true,"href":"http:\/\/www.yespara.tn\/index.php?rest_route=\/wp\/v2\/media\/4085"}],"wp:attachment":[{"href":"http:\/\/www.yespara.tn\/index.php?rest_route=%2Fwp%2Fv2%2Fmedia&parent=4086"}],"wp:term":[{"taxonomy":"product_brand","embeddable":true,"href":"http:\/\/www.yespara.tn\/index.php?rest_route=%2Fwp%2Fv2%2Fproduct_brand&post=4086"},{"taxonomy":"product_cat","embeddable":true,"href":"http:\/\/www.yespara.tn\/index.php?rest_route=%2Fwp%2Fv2%2Fproduct_cat&post=4086"},{"taxonomy":"product_tag","embeddable":true,"href":"http:\/\/www.yespara.tn\/index.php?rest_route=%2Fwp%2Fv2%2Fproduct_tag&post=4086"}],"curies":[{"name":"wp","href":"https:\/\/api.w.org\/{rel}","templated":true}]}}