{"id":4076,"date":"2026-02-28T11:21:42","date_gmt":"2026-02-28T10:21:42","guid":{"rendered":"http:\/\/198.46.190.232\/mypara\/?product=esthelle-creme-cicaplaie-plus-20g"},"modified":"2026-02-28T11:21:42","modified_gmt":"2026-02-28T10:21:42","slug":"esthelle-creme-cicaplaie-plus-20g","status":"publish","type":"product","link":"http:\/\/www.yespara.tn\/?product=esthelle-creme-cicaplaie-plus-20g","title":{"rendered":"esthelle creme cicaplaie plus 20g"},"content":{"rendered":"","protected":false},"excerpt":{"rendered":"<p>Cicaplaie plus est une Cr\u00e8me grasse cicatrisante. Cette cr\u00e8me aide \u00e0 la reconstruction de l\u2019int\u00e9grit\u00e9 de la peau.<\/p>\n","protected":false},"featured_media":4075,"comment_status":"open","ping_status":"closed","template":"","meta":[],"product_brand":[],"product_cat":[3097],"product_tag":[],"class_list":{"0":"post-4076","1":"product","2":"type-product","3":"status-publish","4":"has-post-thumbnail","6":"product_cat-esthelle-soins-visage-soins-pour-le-corps-2","8":"first","9":"instock","10":"taxable","11":"shipping-taxable","12":"product-type-simple"},"_links":{"self":[{"href":"http:\/\/www.yespara.tn\/index.php?rest_route=\/wp\/v2\/product\/4076","targetHints":{"allow":["GET"]}}],"collection":[{"href":"http:\/\/www.yespara.tn\/index.php?rest_route=\/wp\/v2\/product"}],"about":[{"href":"http:\/\/www.yespara.tn\/index.php?rest_route=\/wp\/v2\/types\/product"}],"replies":[{"embeddable":true,"href":"http:\/\/www.yespara.tn\/index.php?rest_route=%2Fwp%2Fv2%2Fcomments&post=4076"}],"wp:featuredmedia":[{"embeddable":true,"href":"http:\/\/www.yespara.tn\/index.php?rest_route=\/wp\/v2\/media\/4075"}],"wp:attachment":[{"href":"http:\/\/www.yespara.tn\/index.php?rest_route=%2Fwp%2Fv2%2Fmedia&parent=4076"}],"wp:term":[{"taxonomy":"product_brand","embeddable":true,"href":"http:\/\/www.yespara.tn\/index.php?rest_route=%2Fwp%2Fv2%2Fproduct_brand&post=4076"},{"taxonomy":"product_cat","embeddable":true,"href":"http:\/\/www.yespara.tn\/index.php?rest_route=%2Fwp%2Fv2%2Fproduct_cat&post=4076"},{"taxonomy":"product_tag","embeddable":true,"href":"http:\/\/www.yespara.tn\/index.php?rest_route=%2Fwp%2Fv2%2Fproduct_tag&post=4076"}],"curies":[{"name":"wp","href":"https:\/\/api.w.org\/{rel}","templated":true}]}}