{"id":4066,"date":"2026-02-28T11:21:35","date_gmt":"2026-02-28T10:21:35","guid":{"rendered":"http:\/\/198.46.190.232\/mypara\/?product=eye-care-creme-contour-des-yeux-anti-rides-102-15ml"},"modified":"2026-02-28T11:21:36","modified_gmt":"2026-02-28T10:21:36","slug":"eye-care-creme-contour-des-yeux-anti-rides-102-15ml","status":"publish","type":"product","link":"http:\/\/www.yespara.tn\/?product=eye-care-creme-contour-des-yeux-anti-rides-102-15ml","title":{"rendered":"eye care creme contour des yeux anti-rides 102 15ml"},"content":{"rendered":"","protected":false},"excerpt":{"rendered":"<p>Cette cr\u00e8me contour des yeux est concentr\u00e9e en actifs anti-rides qui restructurent le contour de l\u2019\u0153il et att\u00e9nuent rides et ridules : collag\u00e8ne marin \u00e0 l\u2019effet tenseur et lipoamino-acide renfor\u00e7ant l\u2019\u00e9lasticit\u00e9 de la peau ; ils sont compl\u00e9t\u00e9s par des actifs hydratants comme l\u2019huile de son de riz.<\/p>\n","protected":false},"featured_media":4065,"comment_status":"open","ping_status":"closed","template":"","meta":[],"product_brand":[],"product_cat":[3094],"product_tag":[],"class_list":{"0":"post-4066","1":"product","2":"type-product","3":"status-publish","4":"has-post-thumbnail","6":"product_cat-eye-care-cosmitics-yeux-et-levres-soins-visage-soins-anti-poches-et-cernes-2","8":"first","9":"instock","10":"taxable","11":"shipping-taxable","12":"product-type-simple"},"_links":{"self":[{"href":"http:\/\/www.yespara.tn\/index.php?rest_route=\/wp\/v2\/product\/4066","targetHints":{"allow":["GET"]}}],"collection":[{"href":"http:\/\/www.yespara.tn\/index.php?rest_route=\/wp\/v2\/product"}],"about":[{"href":"http:\/\/www.yespara.tn\/index.php?rest_route=\/wp\/v2\/types\/product"}],"replies":[{"embeddable":true,"href":"http:\/\/www.yespara.tn\/index.php?rest_route=%2Fwp%2Fv2%2Fcomments&post=4066"}],"wp:featuredmedia":[{"embeddable":true,"href":"http:\/\/www.yespara.tn\/index.php?rest_route=\/wp\/v2\/media\/4065"}],"wp:attachment":[{"href":"http:\/\/www.yespara.tn\/index.php?rest_route=%2Fwp%2Fv2%2Fmedia&parent=4066"}],"wp:term":[{"taxonomy":"product_brand","embeddable":true,"href":"http:\/\/www.yespara.tn\/index.php?rest_route=%2Fwp%2Fv2%2Fproduct_brand&post=4066"},{"taxonomy":"product_cat","embeddable":true,"href":"http:\/\/www.yespara.tn\/index.php?rest_route=%2Fwp%2Fv2%2Fproduct_cat&post=4066"},{"taxonomy":"product_tag","embeddable":true,"href":"http:\/\/www.yespara.tn\/index.php?rest_route=%2Fwp%2Fv2%2Fproduct_tag&post=4066"}],"curies":[{"name":"wp","href":"https:\/\/api.w.org\/{rel}","templated":true}]}}