{"id":4064,"date":"2026-02-28T11:21:34","date_gmt":"2026-02-28T10:21:34","guid":{"rendered":"http:\/\/198.46.190.232\/mypara\/?product=eye-care-f-teint-cremr-beige-dore-f-1282"},"modified":"2026-02-28T11:21:34","modified_gmt":"2026-02-28T10:21:34","slug":"eye-care-f-teint-cremr-beige-dore-f-1282","status":"publish","type":"product","link":"http:\/\/www.yespara.tn\/?product=eye-care-f-teint-cremr-beige-dore-f-1282","title":{"rendered":"eye care f.teint cremr beige dore f\/1282"},"content":{"rendered":"","protected":false},"excerpt":{"rendered":"<p>Eye Care Fond de Teint Cr\u00e8me 26 g \u2013 Teinte : 1282 : Beige Dor\u00e9 est un fond de teint alli\u00e9 du teint parfait qui lisse et unifie naturellement pour un r\u00e9sultat maquillage mat et velout\u00e9.<\/p>\n","protected":false},"featured_media":4063,"comment_status":"open","ping_status":"closed","template":"","meta":[],"product_brand":[],"product_cat":[3091],"product_tag":[],"class_list":{"0":"post-4064","1":"product","2":"type-product","3":"status-publish","4":"has-post-thumbnail","6":"product_cat-eye-care-cosmitics-soins-visage-maquillage","8":"first","9":"instock","10":"taxable","11":"shipping-taxable","12":"product-type-simple"},"_links":{"self":[{"href":"http:\/\/www.yespara.tn\/index.php?rest_route=\/wp\/v2\/product\/4064","targetHints":{"allow":["GET"]}}],"collection":[{"href":"http:\/\/www.yespara.tn\/index.php?rest_route=\/wp\/v2\/product"}],"about":[{"href":"http:\/\/www.yespara.tn\/index.php?rest_route=\/wp\/v2\/types\/product"}],"replies":[{"embeddable":true,"href":"http:\/\/www.yespara.tn\/index.php?rest_route=%2Fwp%2Fv2%2Fcomments&post=4064"}],"wp:featuredmedia":[{"embeddable":true,"href":"http:\/\/www.yespara.tn\/index.php?rest_route=\/wp\/v2\/media\/4063"}],"wp:attachment":[{"href":"http:\/\/www.yespara.tn\/index.php?rest_route=%2Fwp%2Fv2%2Fmedia&parent=4064"}],"wp:term":[{"taxonomy":"product_brand","embeddable":true,"href":"http:\/\/www.yespara.tn\/index.php?rest_route=%2Fwp%2Fv2%2Fproduct_brand&post=4064"},{"taxonomy":"product_cat","embeddable":true,"href":"http:\/\/www.yespara.tn\/index.php?rest_route=%2Fwp%2Fv2%2Fproduct_cat&post=4064"},{"taxonomy":"product_tag","embeddable":true,"href":"http:\/\/www.yespara.tn\/index.php?rest_route=%2Fwp%2Fv2%2Fproduct_tag&post=4064"}],"curies":[{"name":"wp","href":"https:\/\/api.w.org\/{rel}","templated":true}]}}