{"id":4058,"date":"2026-02-28T11:21:30","date_gmt":"2026-02-28T10:21:30","guid":{"rendered":"http:\/\/198.46.190.232\/mypara\/?product=eucerin-sun-protection-oil-control-gel-creme-spf-50-50ml"},"modified":"2026-02-28T11:21:30","modified_gmt":"2026-02-28T10:21:30","slug":"eucerin-sun-protection-oil-control-gel-creme-spf-50-50ml","status":"publish","type":"product","link":"http:\/\/www.yespara.tn\/?product=eucerin-sun-protection-oil-control-gel-creme-spf-50-50ml","title":{"rendered":"EUCERIN SUN PROTECTION OIL CONTROL GEL CREME SPF 50+ 50ML"},"content":{"rendered":"","protected":false},"excerpt":{"rendered":"<p>Eucerin Sun Protection Oil Control Dry Touch Gel-Cr\u00e8me SPF 50+ est un \u00e9cran solaire \u00e0 l\u2019indice de protection solaire \u00e9lev\u00e9 qui permet de prot\u00e9ger la peau des effets nocifs des rayons UVA et UVB. Il est particuli\u00e8rement indiqu\u00e9 pour les peaux grasses gr\u00e2ce \u00e0 son effet anti-brillance et son fini mat de longue dur\u00e9e et constitue une base de maquillage id\u00e9ale.<\/p>\n","protected":false},"featured_media":4057,"comment_status":"open","ping_status":"closed","template":"","meta":[],"product_brand":[],"product_cat":[3085,2140],"product_tag":[],"class_list":{"0":"post-4058","1":"product","2":"type-product","3":"status-publish","4":"has-post-thumbnail","6":"product_cat-eucerin-mixte-et-acne","7":"product_cat-soins-peau-grasse","9":"first","10":"instock","11":"taxable","12":"shipping-taxable","13":"product-type-simple"},"_links":{"self":[{"href":"http:\/\/www.yespara.tn\/index.php?rest_route=\/wp\/v2\/product\/4058","targetHints":{"allow":["GET"]}}],"collection":[{"href":"http:\/\/www.yespara.tn\/index.php?rest_route=\/wp\/v2\/product"}],"about":[{"href":"http:\/\/www.yespara.tn\/index.php?rest_route=\/wp\/v2\/types\/product"}],"replies":[{"embeddable":true,"href":"http:\/\/www.yespara.tn\/index.php?rest_route=%2Fwp%2Fv2%2Fcomments&post=4058"}],"wp:featuredmedia":[{"embeddable":true,"href":"http:\/\/www.yespara.tn\/index.php?rest_route=\/wp\/v2\/media\/4057"}],"wp:attachment":[{"href":"http:\/\/www.yespara.tn\/index.php?rest_route=%2Fwp%2Fv2%2Fmedia&parent=4058"}],"wp:term":[{"taxonomy":"product_brand","embeddable":true,"href":"http:\/\/www.yespara.tn\/index.php?rest_route=%2Fwp%2Fv2%2Fproduct_brand&post=4058"},{"taxonomy":"product_cat","embeddable":true,"href":"http:\/\/www.yespara.tn\/index.php?rest_route=%2Fwp%2Fv2%2Fproduct_cat&post=4058"},{"taxonomy":"product_tag","embeddable":true,"href":"http:\/\/www.yespara.tn\/index.php?rest_route=%2Fwp%2Fv2%2Fproduct_tag&post=4058"}],"curies":[{"name":"wp","href":"https:\/\/api.w.org\/{rel}","templated":true}]}}