{"id":4056,"date":"2026-02-28T11:21:28","date_gmt":"2026-02-28T10:21:28","guid":{"rendered":"http:\/\/198.46.190.232\/mypara\/?product=cytolnat-cytolsun-ecran-spf50-teinte-beige-sable"},"modified":"2026-03-04T15:10:45","modified_gmt":"2026-03-04T14:10:45","slug":"cytolnat-cytolsun-ecran-spf50-teinte-beige-sable","status":"publish","type":"product","link":"http:\/\/www.yespara.tn\/?product=cytolnat-cytolsun-ecran-spf50-teinte-beige-sable","title":{"rendered":"CYTOLNAT Cytolsun Ecran SPF50+ Teinte Beige Sable"},"content":{"rendered":"","protected":false},"excerpt":{"rendered":"<p>\ud83d\udd39 Tr\u00e8s haute protection SPF50+ contre les UVA\/UVB \ud83d\udd39 Teinte beige sable adapt\u00e9e pour un effet naturel et lumineux \ud83d\udd39 Formule hypoallerg\u00e9nique et non com\u00e9dog\u00e8ne, adapt\u00e9e aux peaux sensibles \ud83d\udd39 Texture l\u00e9g\u00e8re et non grasse , facile \u00e0 appliquer \ud83d\udd39 R\u00e9sistante \u00e0 l\u2019eau et \u00e0 la transpiration pour une tenue longue dur\u00e9e<\/p>\n","protected":false},"featured_media":4055,"comment_status":"open","ping_status":"closed","template":"","meta":[],"product_brand":[],"product_cat":[3081],"product_tag":[],"class_list":{"0":"post-4056","1":"product","2":"type-product","3":"status-publish","4":"has-post-thumbnail","6":"product_cat-cytol-nat-soins-visage-soins-solaires-2","8":"first","9":"instock","10":"sale","11":"taxable","12":"shipping-taxable","13":"purchasable","14":"product-type-simple"},"_links":{"self":[{"href":"http:\/\/www.yespara.tn\/index.php?rest_route=\/wp\/v2\/product\/4056","targetHints":{"allow":["GET"]}}],"collection":[{"href":"http:\/\/www.yespara.tn\/index.php?rest_route=\/wp\/v2\/product"}],"about":[{"href":"http:\/\/www.yespara.tn\/index.php?rest_route=\/wp\/v2\/types\/product"}],"replies":[{"embeddable":true,"href":"http:\/\/www.yespara.tn\/index.php?rest_route=%2Fwp%2Fv2%2Fcomments&post=4056"}],"wp:featuredmedia":[{"embeddable":true,"href":"http:\/\/www.yespara.tn\/index.php?rest_route=\/wp\/v2\/media\/4055"}],"wp:attachment":[{"href":"http:\/\/www.yespara.tn\/index.php?rest_route=%2Fwp%2Fv2%2Fmedia&parent=4056"}],"wp:term":[{"taxonomy":"product_brand","embeddable":true,"href":"http:\/\/www.yespara.tn\/index.php?rest_route=%2Fwp%2Fv2%2Fproduct_brand&post=4056"},{"taxonomy":"product_cat","embeddable":true,"href":"http:\/\/www.yespara.tn\/index.php?rest_route=%2Fwp%2Fv2%2Fproduct_cat&post=4056"},{"taxonomy":"product_tag","embeddable":true,"href":"http:\/\/www.yespara.tn\/index.php?rest_route=%2Fwp%2Fv2%2Fproduct_tag&post=4056"}],"curies":[{"name":"wp","href":"https:\/\/api.w.org\/{rel}","templated":true}]}}