{"id":4054,"date":"2026-02-28T11:21:27","date_gmt":"2026-02-28T10:21:27","guid":{"rendered":"http:\/\/198.46.190.232\/mypara\/?product=cytolnat-cytolight-ecran-mineral-teintee-anti-tahes-spf50-50ml"},"modified":"2026-02-28T11:21:27","modified_gmt":"2026-02-28T10:21:27","slug":"cytolnat-cytolight-ecran-mineral-teintee-anti-tahes-spf50-50ml","status":"publish","type":"product","link":"http:\/\/www.yespara.tn\/?product=cytolnat-cytolight-ecran-mineral-teintee-anti-tahes-spf50-50ml","title":{"rendered":"cytolnat cytolight ecran mineral teintee anti tahes spf50+ 50ml"},"content":{"rendered":"","protected":false},"excerpt":{"rendered":"<p>L\u2019\u00e9cran min\u00e9ral teint\u00e9 Cytol Light associe des filtres 100% min\u00e9raux oxyde de zinc et oxyde de titane \u00e0 un complexe \u00e9claircissant alpharabutine et niacinamide assurant une tr\u00e8s haute protection solaire UVA\/UVB large spectre et photostable et permetant de corriger les taches brunes et de pr\u00e9venir leur apparition.<\/p>\n","protected":false},"featured_media":4053,"comment_status":"open","ping_status":"closed","template":"","meta":[],"product_brand":[],"product_cat":[3081],"product_tag":[],"class_list":{"0":"post-4054","1":"product","2":"type-product","3":"status-publish","4":"has-post-thumbnail","6":"product_cat-cytol-nat-soins-visage-soins-solaires-2","8":"first","9":"instock","10":"taxable","11":"shipping-taxable","12":"product-type-simple"},"_links":{"self":[{"href":"http:\/\/www.yespara.tn\/index.php?rest_route=\/wp\/v2\/product\/4054","targetHints":{"allow":["GET"]}}],"collection":[{"href":"http:\/\/www.yespara.tn\/index.php?rest_route=\/wp\/v2\/product"}],"about":[{"href":"http:\/\/www.yespara.tn\/index.php?rest_route=\/wp\/v2\/types\/product"}],"replies":[{"embeddable":true,"href":"http:\/\/www.yespara.tn\/index.php?rest_route=%2Fwp%2Fv2%2Fcomments&post=4054"}],"wp:featuredmedia":[{"embeddable":true,"href":"http:\/\/www.yespara.tn\/index.php?rest_route=\/wp\/v2\/media\/4053"}],"wp:attachment":[{"href":"http:\/\/www.yespara.tn\/index.php?rest_route=%2Fwp%2Fv2%2Fmedia&parent=4054"}],"wp:term":[{"taxonomy":"product_brand","embeddable":true,"href":"http:\/\/www.yespara.tn\/index.php?rest_route=%2Fwp%2Fv2%2Fproduct_brand&post=4054"},{"taxonomy":"product_cat","embeddable":true,"href":"http:\/\/www.yespara.tn\/index.php?rest_route=%2Fwp%2Fv2%2Fproduct_cat&post=4054"},{"taxonomy":"product_tag","embeddable":true,"href":"http:\/\/www.yespara.tn\/index.php?rest_route=%2Fwp%2Fv2%2Fproduct_tag&post=4054"}],"curies":[{"name":"wp","href":"https:\/\/api.w.org\/{rel}","templated":true}]}}