{"id":4052,"date":"2026-02-28T11:21:26","date_gmt":"2026-02-28T10:21:26","guid":{"rendered":"http:\/\/198.46.190.232\/mypara\/?product=cytol-cytolnat-cytolight-creme-30ml"},"modified":"2026-03-04T15:11:39","modified_gmt":"2026-03-04T14:11:39","slug":"cytol-cytolnat-cytolight-creme-30ml","status":"publish","type":"product","link":"http:\/\/www.yespara.tn\/?product=cytol-cytolnat-cytolight-creme-30ml","title":{"rendered":"cytol cytolnat cytolight creme 30ml"},"content":{"rendered":"","protected":false},"excerpt":{"rendered":"<p>Cytolight\u00a0cr\u00e8me\u00a0est un soin de jour dermatologique \u00e9claircissant et unifiant des taches brunes du visage, du d\u00e9collet\u00e9 et des mains.<\/p>\n","protected":false},"featured_media":4051,"comment_status":"open","ping_status":"closed","template":"","meta":[],"product_brand":[],"product_cat":[2314],"product_tag":[],"class_list":{"0":"post-4052","1":"product","2":"type-product","3":"status-publish","4":"has-post-thumbnail","6":"product_cat-cytol-nat","8":"first","9":"instock","10":"sale","11":"taxable","12":"shipping-taxable","13":"purchasable","14":"product-type-simple"},"_links":{"self":[{"href":"http:\/\/www.yespara.tn\/index.php?rest_route=\/wp\/v2\/product\/4052","targetHints":{"allow":["GET"]}}],"collection":[{"href":"http:\/\/www.yespara.tn\/index.php?rest_route=\/wp\/v2\/product"}],"about":[{"href":"http:\/\/www.yespara.tn\/index.php?rest_route=\/wp\/v2\/types\/product"}],"replies":[{"embeddable":true,"href":"http:\/\/www.yespara.tn\/index.php?rest_route=%2Fwp%2Fv2%2Fcomments&post=4052"}],"wp:featuredmedia":[{"embeddable":true,"href":"http:\/\/www.yespara.tn\/index.php?rest_route=\/wp\/v2\/media\/4051"}],"wp:attachment":[{"href":"http:\/\/www.yespara.tn\/index.php?rest_route=%2Fwp%2Fv2%2Fmedia&parent=4052"}],"wp:term":[{"taxonomy":"product_brand","embeddable":true,"href":"http:\/\/www.yespara.tn\/index.php?rest_route=%2Fwp%2Fv2%2Fproduct_brand&post=4052"},{"taxonomy":"product_cat","embeddable":true,"href":"http:\/\/www.yespara.tn\/index.php?rest_route=%2Fwp%2Fv2%2Fproduct_cat&post=4052"},{"taxonomy":"product_tag","embeddable":true,"href":"http:\/\/www.yespara.tn\/index.php?rest_route=%2Fwp%2Fv2%2Fproduct_tag&post=4052"}],"curies":[{"name":"wp","href":"https:\/\/api.w.org\/{rel}","templated":true}]}}