{"id":4050,"date":"2026-02-28T11:21:24","date_gmt":"2026-02-28T10:21:24","guid":{"rendered":"http:\/\/198.46.190.232\/mypara\/?product=cytol-cytolnat-cytolight-gel-30ml"},"modified":"2026-02-28T11:21:24","modified_gmt":"2026-02-28T10:21:24","slug":"cytol-cytolnat-cytolight-gel-30ml","status":"publish","type":"product","link":"http:\/\/www.yespara.tn\/?product=cytol-cytolnat-cytolight-gel-30ml","title":{"rendered":"cytol cytolnat cytolight gel 30ml"},"content":{"rendered":"","protected":false},"excerpt":{"rendered":"<p>Cytolight\u00a0gel\u00a0est un soin de nuit k\u00e9ratolytique concentr\u00e9 pour la pr\u00e9paration des peaux hyperpigment\u00e9es aux soins \u00e9claircissants des t\u00e2ches pigmentaires du visage, du d\u00e9collet\u00e9 et des mains.<\/p>\n","protected":false},"featured_media":4049,"comment_status":"open","ping_status":"closed","template":"","meta":[],"product_brand":[],"product_cat":[3083],"product_tag":[],"class_list":{"0":"post-4050","1":"product","2":"type-product","3":"status-publish","4":"has-post-thumbnail","6":"product_cat-cytol-nat-soins-visage-gels-nettoyants-2","8":"first","9":"instock","10":"taxable","11":"shipping-taxable","12":"product-type-simple"},"_links":{"self":[{"href":"http:\/\/www.yespara.tn\/index.php?rest_route=\/wp\/v2\/product\/4050","targetHints":{"allow":["GET"]}}],"collection":[{"href":"http:\/\/www.yespara.tn\/index.php?rest_route=\/wp\/v2\/product"}],"about":[{"href":"http:\/\/www.yespara.tn\/index.php?rest_route=\/wp\/v2\/types\/product"}],"replies":[{"embeddable":true,"href":"http:\/\/www.yespara.tn\/index.php?rest_route=%2Fwp%2Fv2%2Fcomments&post=4050"}],"wp:featuredmedia":[{"embeddable":true,"href":"http:\/\/www.yespara.tn\/index.php?rest_route=\/wp\/v2\/media\/4049"}],"wp:attachment":[{"href":"http:\/\/www.yespara.tn\/index.php?rest_route=%2Fwp%2Fv2%2Fmedia&parent=4050"}],"wp:term":[{"taxonomy":"product_brand","embeddable":true,"href":"http:\/\/www.yespara.tn\/index.php?rest_route=%2Fwp%2Fv2%2Fproduct_brand&post=4050"},{"taxonomy":"product_cat","embeddable":true,"href":"http:\/\/www.yespara.tn\/index.php?rest_route=%2Fwp%2Fv2%2Fproduct_cat&post=4050"},{"taxonomy":"product_tag","embeddable":true,"href":"http:\/\/www.yespara.tn\/index.php?rest_route=%2Fwp%2Fv2%2Fproduct_tag&post=4050"}],"curies":[{"name":"wp","href":"https:\/\/api.w.org\/{rel}","templated":true}]}}