{"id":4046,"date":"2026-02-28T11:21:19","date_gmt":"2026-02-28T10:21:19","guid":{"rendered":"http:\/\/198.46.190.232\/mypara\/?product=cytol-cytolslim-creme-amincissante-et-raffermissante-100ml"},"modified":"2026-02-28T11:21:19","modified_gmt":"2026-02-28T10:21:19","slug":"cytol-cytolslim-creme-amincissante-et-raffermissante-100ml","status":"publish","type":"product","link":"http:\/\/www.yespara.tn\/?product=cytol-cytolslim-creme-amincissante-et-raffermissante-100ml","title":{"rendered":"cytol cytolslim creme amincissante et raffermissante 100ml"},"content":{"rendered":"","protected":false},"excerpt":{"rendered":"<p>Cytol Slim est une cr\u00e9me \u00e0 base caf\u00e9ine qui est\u00a0connu pour son action sur le d\u00e9stockage des graisses en exc\u00e8s.<\/p>\n","protected":false},"featured_media":4045,"comment_status":"open","ping_status":"closed","template":"","meta":[],"product_brand":[],"product_cat":[2314],"product_tag":[],"class_list":{"0":"post-4046","1":"product","2":"type-product","3":"status-publish","4":"has-post-thumbnail","6":"product_cat-cytol-nat","8":"first","9":"instock","10":"taxable","11":"shipping-taxable","12":"product-type-simple"},"_links":{"self":[{"href":"http:\/\/www.yespara.tn\/index.php?rest_route=\/wp\/v2\/product\/4046","targetHints":{"allow":["GET"]}}],"collection":[{"href":"http:\/\/www.yespara.tn\/index.php?rest_route=\/wp\/v2\/product"}],"about":[{"href":"http:\/\/www.yespara.tn\/index.php?rest_route=\/wp\/v2\/types\/product"}],"replies":[{"embeddable":true,"href":"http:\/\/www.yespara.tn\/index.php?rest_route=%2Fwp%2Fv2%2Fcomments&post=4046"}],"wp:featuredmedia":[{"embeddable":true,"href":"http:\/\/www.yespara.tn\/index.php?rest_route=\/wp\/v2\/media\/4045"}],"wp:attachment":[{"href":"http:\/\/www.yespara.tn\/index.php?rest_route=%2Fwp%2Fv2%2Fmedia&parent=4046"}],"wp:term":[{"taxonomy":"product_brand","embeddable":true,"href":"http:\/\/www.yespara.tn\/index.php?rest_route=%2Fwp%2Fv2%2Fproduct_brand&post=4046"},{"taxonomy":"product_cat","embeddable":true,"href":"http:\/\/www.yespara.tn\/index.php?rest_route=%2Fwp%2Fv2%2Fproduct_cat&post=4046"},{"taxonomy":"product_tag","embeddable":true,"href":"http:\/\/www.yespara.tn\/index.php?rest_route=%2Fwp%2Fv2%2Fproduct_tag&post=4046"}],"curies":[{"name":"wp","href":"https:\/\/api.w.org\/{rel}","templated":true}]}}