{"id":4044,"date":"2026-02-28T11:21:17","date_gmt":"2026-02-28T10:21:17","guid":{"rendered":"http:\/\/198.46.190.232\/mypara\/?product=cytolnat-cytolsun-ecran-sppf50-teinte-beige-dore"},"modified":"2026-02-28T12:44:48","modified_gmt":"2026-02-28T11:44:48","slug":"cytolnat-cytolsun-ecran-sppf50-teinte-beige-dore","status":"publish","type":"product","link":"http:\/\/www.yespara.tn\/?product=cytolnat-cytolsun-ecran-sppf50-teinte-beige-dore","title":{"rendered":"cytolnat cytolsun ecran sppf50+ teinte beige dore"},"content":{"rendered":"","protected":false},"excerpt":{"rendered":"<p>1CytolSun \u00e9cran min\u00e9ral teint\u00e9 SPF 50+ est un soin dermatologique photoprotecteur sp\u00e9cialement formul\u00e9 pour les peaux sensibles et intol\u00e9rantes aux filtres solaires chimiques.<\/p>\n","protected":false},"featured_media":4043,"comment_status":"open","ping_status":"closed","template":"","meta":[],"product_brand":[],"product_cat":[3081],"product_tag":[],"class_list":{"0":"post-4044","1":"product","2":"type-product","3":"status-publish","4":"has-post-thumbnail","6":"product_cat-cytol-nat-soins-visage-soins-solaires-2","8":"first","9":"instock","10":"sale","11":"taxable","12":"shipping-taxable","13":"purchasable","14":"product-type-simple"},"_links":{"self":[{"href":"http:\/\/www.yespara.tn\/index.php?rest_route=\/wp\/v2\/product\/4044","targetHints":{"allow":["GET"]}}],"collection":[{"href":"http:\/\/www.yespara.tn\/index.php?rest_route=\/wp\/v2\/product"}],"about":[{"href":"http:\/\/www.yespara.tn\/index.php?rest_route=\/wp\/v2\/types\/product"}],"replies":[{"embeddable":true,"href":"http:\/\/www.yespara.tn\/index.php?rest_route=%2Fwp%2Fv2%2Fcomments&post=4044"}],"wp:featuredmedia":[{"embeddable":true,"href":"http:\/\/www.yespara.tn\/index.php?rest_route=\/wp\/v2\/media\/4043"}],"wp:attachment":[{"href":"http:\/\/www.yespara.tn\/index.php?rest_route=%2Fwp%2Fv2%2Fmedia&parent=4044"}],"wp:term":[{"taxonomy":"product_brand","embeddable":true,"href":"http:\/\/www.yespara.tn\/index.php?rest_route=%2Fwp%2Fv2%2Fproduct_brand&post=4044"},{"taxonomy":"product_cat","embeddable":true,"href":"http:\/\/www.yespara.tn\/index.php?rest_route=%2Fwp%2Fv2%2Fproduct_cat&post=4044"},{"taxonomy":"product_tag","embeddable":true,"href":"http:\/\/www.yespara.tn\/index.php?rest_route=%2Fwp%2Fv2%2Fproduct_tag&post=4044"}],"curies":[{"name":"wp","href":"https:\/\/api.w.org\/{rel}","templated":true}]}}