{"id":4034,"date":"2026-02-28T11:21:11","date_gmt":"2026-02-28T10:21:11","guid":{"rendered":"http:\/\/198.46.190.232\/mypara\/?product=sevon-apaisont-au-lait-danesse-100g"},"modified":"2026-02-28T11:21:11","modified_gmt":"2026-02-28T10:21:11","slug":"sevon-apaisont-au-lait-danesse-100g","status":"publish","type":"product","link":"http:\/\/www.yespara.tn\/?product=sevon-apaisont-au-lait-danesse-100g","title":{"rendered":"sevon apaisont au lait d\u2019anesse 100g"},"content":{"rendered":"","protected":false},"excerpt":{"rendered":"<p>Innovatouch Cosmetic\u00a0savon apaisant au lait d\u2019\u00e2nesse \u2013 Nettoie &#038; apaise la peau \u2013 R\u00e9g\u00e9n\u00e8re \u2013 Peaux sensibles<\/p>\n","protected":false},"featured_media":4033,"comment_status":"open","ping_status":"closed","template":"","meta":[],"product_brand":[],"product_cat":[2162],"product_tag":[],"class_list":{"0":"post-4034","1":"product","2":"type-product","3":"status-publish","4":"has-post-thumbnail","6":"product_cat-soins-visage-2","8":"first","9":"instock","10":"taxable","11":"shipping-taxable","12":"product-type-simple"},"_links":{"self":[{"href":"http:\/\/www.yespara.tn\/index.php?rest_route=\/wp\/v2\/product\/4034","targetHints":{"allow":["GET"]}}],"collection":[{"href":"http:\/\/www.yespara.tn\/index.php?rest_route=\/wp\/v2\/product"}],"about":[{"href":"http:\/\/www.yespara.tn\/index.php?rest_route=\/wp\/v2\/types\/product"}],"replies":[{"embeddable":true,"href":"http:\/\/www.yespara.tn\/index.php?rest_route=%2Fwp%2Fv2%2Fcomments&post=4034"}],"wp:featuredmedia":[{"embeddable":true,"href":"http:\/\/www.yespara.tn\/index.php?rest_route=\/wp\/v2\/media\/4033"}],"wp:attachment":[{"href":"http:\/\/www.yespara.tn\/index.php?rest_route=%2Fwp%2Fv2%2Fmedia&parent=4034"}],"wp:term":[{"taxonomy":"product_brand","embeddable":true,"href":"http:\/\/www.yespara.tn\/index.php?rest_route=%2Fwp%2Fv2%2Fproduct_brand&post=4034"},{"taxonomy":"product_cat","embeddable":true,"href":"http:\/\/www.yespara.tn\/index.php?rest_route=%2Fwp%2Fv2%2Fproduct_cat&post=4034"},{"taxonomy":"product_tag","embeddable":true,"href":"http:\/\/www.yespara.tn\/index.php?rest_route=%2Fwp%2Fv2%2Fproduct_tag&post=4034"}],"curies":[{"name":"wp","href":"https:\/\/api.w.org\/{rel}","templated":true}]}}