{"id":4030,"date":"2026-02-28T11:21:08","date_gmt":"2026-02-28T10:21:08","guid":{"rendered":"http:\/\/198.46.190.232\/mypara\/?product=uriage-bariesun-fluide-anti-taches-spf50-40ml"},"modified":"2026-02-28T11:21:08","modified_gmt":"2026-02-28T10:21:08","slug":"uriage-bariesun-fluide-anti-taches-spf50-40ml","status":"publish","type":"product","link":"http:\/\/www.yespara.tn\/?product=uriage-bariesun-fluide-anti-taches-spf50-40ml","title":{"rendered":"uriage bariesun fluide anti-taches spf50+ 40ml"},"content":{"rendered":"","protected":false},"excerpt":{"rendered":"<p>fluide anti-taches SPF50+ r\u00e9sistant \u00e0 l\u2019eau, de tr\u00e8s haute protection UVB-UVA-Lumi\u00e8re bleue pour les peaux sensibles. Il aide \u00e0 pr\u00e9venir le photo-vieillissement caus\u00e9 par les UV et la lumi\u00e8re bleue.<\/p>\n","protected":false},"featured_media":4029,"comment_status":"open","ping_status":"closed","template":"","meta":[],"product_brand":[],"product_cat":[3006],"product_tag":[],"class_list":{"0":"post-4030","1":"product","2":"type-product","3":"status-publish","4":"has-post-thumbnail","6":"product_cat-uriage-soins-visage-2","8":"first","9":"instock","10":"taxable","11":"shipping-taxable","12":"product-type-simple"},"_links":{"self":[{"href":"http:\/\/www.yespara.tn\/index.php?rest_route=\/wp\/v2\/product\/4030","targetHints":{"allow":["GET"]}}],"collection":[{"href":"http:\/\/www.yespara.tn\/index.php?rest_route=\/wp\/v2\/product"}],"about":[{"href":"http:\/\/www.yespara.tn\/index.php?rest_route=\/wp\/v2\/types\/product"}],"replies":[{"embeddable":true,"href":"http:\/\/www.yespara.tn\/index.php?rest_route=%2Fwp%2Fv2%2Fcomments&post=4030"}],"wp:featuredmedia":[{"embeddable":true,"href":"http:\/\/www.yespara.tn\/index.php?rest_route=\/wp\/v2\/media\/4029"}],"wp:attachment":[{"href":"http:\/\/www.yespara.tn\/index.php?rest_route=%2Fwp%2Fv2%2Fmedia&parent=4030"}],"wp:term":[{"taxonomy":"product_brand","embeddable":true,"href":"http:\/\/www.yespara.tn\/index.php?rest_route=%2Fwp%2Fv2%2Fproduct_brand&post=4030"},{"taxonomy":"product_cat","embeddable":true,"href":"http:\/\/www.yespara.tn\/index.php?rest_route=%2Fwp%2Fv2%2Fproduct_cat&post=4030"},{"taxonomy":"product_tag","embeddable":true,"href":"http:\/\/www.yespara.tn\/index.php?rest_route=%2Fwp%2Fv2%2Fproduct_tag&post=4030"}],"curies":[{"name":"wp","href":"https:\/\/api.w.org\/{rel}","templated":true}]}}