{"id":4028,"date":"2026-02-28T11:21:06","date_gmt":"2026-02-28T10:21:06","guid":{"rendered":"http:\/\/198.46.190.232\/mypara\/?product=uriage-bariesun-fluide-ultra-leger-spf50-30ml"},"modified":"2026-02-28T11:21:06","modified_gmt":"2026-02-28T10:21:06","slug":"uriage-bariesun-fluide-ultra-leger-spf50-30ml","status":"publish","type":"product","link":"http:\/\/www.yespara.tn\/?product=uriage-bariesun-fluide-ultra-leger-spf50-30ml","title":{"rendered":"uriage bariesun fluide ultra leger spf50+ 30ml"},"content":{"rendered":"","protected":false},"excerpt":{"rendered":"<p>Ce fluide, sp\u00e9cialement d\u00e9velopp\u00e9 pour les peaux sensibles, apporte une tr\u00e8s haute protection contre les UVA, les UVB et les radicaux libres.<\/p>\n","protected":false},"featured_media":4027,"comment_status":"open","ping_status":"closed","template":"","meta":[],"product_brand":[],"product_cat":[2578],"product_tag":[],"class_list":{"0":"post-4028","1":"product","2":"type-product","3":"status-publish","4":"has-post-thumbnail","6":"product_cat-uriage-soins-visage-gels-nettoyants-2","8":"first","9":"instock","10":"taxable","11":"shipping-taxable","12":"product-type-simple"},"_links":{"self":[{"href":"http:\/\/www.yespara.tn\/index.php?rest_route=\/wp\/v2\/product\/4028","targetHints":{"allow":["GET"]}}],"collection":[{"href":"http:\/\/www.yespara.tn\/index.php?rest_route=\/wp\/v2\/product"}],"about":[{"href":"http:\/\/www.yespara.tn\/index.php?rest_route=\/wp\/v2\/types\/product"}],"replies":[{"embeddable":true,"href":"http:\/\/www.yespara.tn\/index.php?rest_route=%2Fwp%2Fv2%2Fcomments&post=4028"}],"wp:featuredmedia":[{"embeddable":true,"href":"http:\/\/www.yespara.tn\/index.php?rest_route=\/wp\/v2\/media\/4027"}],"wp:attachment":[{"href":"http:\/\/www.yespara.tn\/index.php?rest_route=%2Fwp%2Fv2%2Fmedia&parent=4028"}],"wp:term":[{"taxonomy":"product_brand","embeddable":true,"href":"http:\/\/www.yespara.tn\/index.php?rest_route=%2Fwp%2Fv2%2Fproduct_brand&post=4028"},{"taxonomy":"product_cat","embeddable":true,"href":"http:\/\/www.yespara.tn\/index.php?rest_route=%2Fwp%2Fv2%2Fproduct_cat&post=4028"},{"taxonomy":"product_tag","embeddable":true,"href":"http:\/\/www.yespara.tn\/index.php?rest_route=%2Fwp%2Fv2%2Fproduct_tag&post=4028"}],"curies":[{"name":"wp","href":"https:\/\/api.w.org\/{rel}","templated":true}]}}