{"id":4024,"date":"2026-02-28T11:21:03","date_gmt":"2026-02-28T10:21:03","guid":{"rendered":"http:\/\/198.46.190.232\/mypara\/?product=lierac-dioptiride-creme-comblante-correctrice-rides-15ml"},"modified":"2026-02-28T11:21:04","modified_gmt":"2026-02-28T10:21:04","slug":"lierac-dioptiride-creme-comblante-correctrice-rides-15ml","status":"publish","type":"product","link":"http:\/\/www.yespara.tn\/?product=lierac-dioptiride-creme-comblante-correctrice-rides-15ml","title":{"rendered":"lierac dioptiride creme comblante correctrice rides 15ml"},"content":{"rendered":"","protected":false},"excerpt":{"rendered":"<p>D\u00e8s son application, il a un effet lissant instantan\u00e9. D\u00e8s 7 jours, les rides sont moins visibles, la profondeur des rides est r\u00e9duite.<\/p>\n","protected":false},"featured_media":4023,"comment_status":"open","ping_status":"closed","template":"","meta":[],"product_brand":[],"product_cat":[3073],"product_tag":[],"class_list":{"0":"post-4024","1":"product","2":"type-product","3":"status-publish","4":"has-post-thumbnail","6":"product_cat-lierac-soins-anti-poches-et-cernes-contour-des-yeux","8":"first","9":"instock","10":"taxable","11":"shipping-taxable","12":"product-type-simple"},"_links":{"self":[{"href":"http:\/\/www.yespara.tn\/index.php?rest_route=\/wp\/v2\/product\/4024","targetHints":{"allow":["GET"]}}],"collection":[{"href":"http:\/\/www.yespara.tn\/index.php?rest_route=\/wp\/v2\/product"}],"about":[{"href":"http:\/\/www.yespara.tn\/index.php?rest_route=\/wp\/v2\/types\/product"}],"replies":[{"embeddable":true,"href":"http:\/\/www.yespara.tn\/index.php?rest_route=%2Fwp%2Fv2%2Fcomments&post=4024"}],"wp:featuredmedia":[{"embeddable":true,"href":"http:\/\/www.yespara.tn\/index.php?rest_route=\/wp\/v2\/media\/4023"}],"wp:attachment":[{"href":"http:\/\/www.yespara.tn\/index.php?rest_route=%2Fwp%2Fv2%2Fmedia&parent=4024"}],"wp:term":[{"taxonomy":"product_brand","embeddable":true,"href":"http:\/\/www.yespara.tn\/index.php?rest_route=%2Fwp%2Fv2%2Fproduct_brand&post=4024"},{"taxonomy":"product_cat","embeddable":true,"href":"http:\/\/www.yespara.tn\/index.php?rest_route=%2Fwp%2Fv2%2Fproduct_cat&post=4024"},{"taxonomy":"product_tag","embeddable":true,"href":"http:\/\/www.yespara.tn\/index.php?rest_route=%2Fwp%2Fv2%2Fproduct_tag&post=4024"}],"curies":[{"name":"wp","href":"https:\/\/api.w.org\/{rel}","templated":true}]}}