{"id":4018,"date":"2026-02-28T11:20:55","date_gmt":"2026-02-28T10:20:55","guid":{"rendered":"http:\/\/198.46.190.232\/mypara\/?product=lierac-mesolift-creme-anti-fatigue-remineralisante-40ml"},"modified":"2026-02-28T11:20:55","modified_gmt":"2026-02-28T10:20:55","slug":"lierac-mesolift-creme-anti-fatigue-remineralisante-40ml","status":"publish","type":"product","link":"http:\/\/www.yespara.tn\/?product=lierac-mesolift-creme-anti-fatigue-remineralisante-40ml","title":{"rendered":"lierac mesolift creme anti fatigue  remineralisante 40ml"},"content":{"rendered":"","protected":false},"excerpt":{"rendered":"<p>La cr\u00e8me M\u00e9solift est destin\u00e9e : aux femmes et aux hommes, de tout \u00e2ge, dont la fatigue persistante \u00e9puise l\u2019 \u00e9clat de la peau. \u00e0 toutes celles et ceux qui cherchent \u00e0 am\u00e9liorer visiblement leur grain de peau et \u00e0 prolonger l\u2019effet coup de fouet du concentr\u00e9 pour installer durablement l\u2019 \u00e9clat et la vitalit\u00e9 de la peau.<\/p>\n","protected":false},"featured_media":4017,"comment_status":"open","ping_status":"closed","template":"","meta":[],"product_brand":[],"product_cat":[3070],"product_tag":[],"class_list":{"0":"post-4018","1":"product","2":"type-product","3":"status-publish","4":"has-post-thumbnail","6":"product_cat-lierac-soins-visage-soins-eclaircissants-creme-eclaircissante","8":"first","9":"instock","10":"taxable","11":"shipping-taxable","12":"product-type-simple"},"_links":{"self":[{"href":"http:\/\/www.yespara.tn\/index.php?rest_route=\/wp\/v2\/product\/4018","targetHints":{"allow":["GET"]}}],"collection":[{"href":"http:\/\/www.yespara.tn\/index.php?rest_route=\/wp\/v2\/product"}],"about":[{"href":"http:\/\/www.yespara.tn\/index.php?rest_route=\/wp\/v2\/types\/product"}],"replies":[{"embeddable":true,"href":"http:\/\/www.yespara.tn\/index.php?rest_route=%2Fwp%2Fv2%2Fcomments&post=4018"}],"wp:featuredmedia":[{"embeddable":true,"href":"http:\/\/www.yespara.tn\/index.php?rest_route=\/wp\/v2\/media\/4017"}],"wp:attachment":[{"href":"http:\/\/www.yespara.tn\/index.php?rest_route=%2Fwp%2Fv2%2Fmedia&parent=4018"}],"wp:term":[{"taxonomy":"product_brand","embeddable":true,"href":"http:\/\/www.yespara.tn\/index.php?rest_route=%2Fwp%2Fv2%2Fproduct_brand&post=4018"},{"taxonomy":"product_cat","embeddable":true,"href":"http:\/\/www.yespara.tn\/index.php?rest_route=%2Fwp%2Fv2%2Fproduct_cat&post=4018"},{"taxonomy":"product_tag","embeddable":true,"href":"http:\/\/www.yespara.tn\/index.php?rest_route=%2Fwp%2Fv2%2Fproduct_tag&post=4018"}],"curies":[{"name":"wp","href":"https:\/\/api.w.org\/{rel}","templated":true}]}}