{"id":4012,"date":"2026-02-28T11:20:51","date_gmt":"2026-02-28T10:20:51","guid":{"rendered":"http:\/\/198.46.190.232\/mypara\/?product=lierac-sebologie-solution-keratolytique-100ml"},"modified":"2026-02-28T11:20:51","modified_gmt":"2026-02-28T10:20:51","slug":"lierac-sebologie-solution-keratolytique-100ml","status":"publish","type":"product","link":"http:\/\/www.yespara.tn\/?product=lierac-sebologie-solution-keratolytique-100ml","title":{"rendered":"lierac sebologie solution keratolytique 100ml"},"content":{"rendered":"","protected":false},"excerpt":{"rendered":"<p>La Solution K\u00e9ratolytique Correction Imperfections S\u00e9bologie de LIERAC est un traitement pr\u00e9parateur qui permet de cibler les 3 types d\u2019imperfections : luisance, pores dilat\u00e9s, boutons et marques r\u00e9siduelles.<\/p>\n","protected":false},"featured_media":4011,"comment_status":"open","ping_status":"closed","template":"","meta":[],"product_brand":[],"product_cat":[3068],"product_tag":[],"class_list":{"0":"post-4012","1":"product","2":"type-product","3":"status-publish","4":"has-post-thumbnail","6":"product_cat-lierac-soins-peaux-grasses-acneiques","8":"first","9":"instock","10":"taxable","11":"shipping-taxable","12":"product-type-simple"},"_links":{"self":[{"href":"http:\/\/www.yespara.tn\/index.php?rest_route=\/wp\/v2\/product\/4012","targetHints":{"allow":["GET"]}}],"collection":[{"href":"http:\/\/www.yespara.tn\/index.php?rest_route=\/wp\/v2\/product"}],"about":[{"href":"http:\/\/www.yespara.tn\/index.php?rest_route=\/wp\/v2\/types\/product"}],"replies":[{"embeddable":true,"href":"http:\/\/www.yespara.tn\/index.php?rest_route=%2Fwp%2Fv2%2Fcomments&post=4012"}],"wp:featuredmedia":[{"embeddable":true,"href":"http:\/\/www.yespara.tn\/index.php?rest_route=\/wp\/v2\/media\/4011"}],"wp:attachment":[{"href":"http:\/\/www.yespara.tn\/index.php?rest_route=%2Fwp%2Fv2%2Fmedia&parent=4012"}],"wp:term":[{"taxonomy":"product_brand","embeddable":true,"href":"http:\/\/www.yespara.tn\/index.php?rest_route=%2Fwp%2Fv2%2Fproduct_brand&post=4012"},{"taxonomy":"product_cat","embeddable":true,"href":"http:\/\/www.yespara.tn\/index.php?rest_route=%2Fwp%2Fv2%2Fproduct_cat&post=4012"},{"taxonomy":"product_tag","embeddable":true,"href":"http:\/\/www.yespara.tn\/index.php?rest_route=%2Fwp%2Fv2%2Fproduct_tag&post=4012"}],"curies":[{"name":"wp","href":"https:\/\/api.w.org\/{rel}","templated":true}]}}