{"id":4008,"date":"2026-02-28T11:20:48","date_gmt":"2026-02-28T10:20:48","guid":{"rendered":"http:\/\/198.46.190.232\/mypara\/?product=lierac-hydragenist-creme-hydratante-oxygenante-repulpante-peaux-seches-50ml"},"modified":"2026-02-28T11:20:49","modified_gmt":"2026-02-28T10:20:49","slug":"lierac-hydragenist-creme-hydratante-oxygenante-repulpante-peaux-seches-50ml","status":"publish","type":"product","link":"http:\/\/www.yespara.tn\/?product=lierac-hydragenist-creme-hydratante-oxygenante-repulpante-peaux-seches-50ml","title":{"rendered":"lierac hydragenist creme hydratante oxygenante repulpante peaux seches 50ml"},"content":{"rendered":"","protected":false},"excerpt":{"rendered":"<p>Une texture active cr\u00e8me enrichie en NMF pour un effet r\u00e9hydratant et repulpant imm\u00e9diat. Un parfum frais, d\u00e9licat et f\u00e9minin m\u00ealant des notes d\u2019eau de rose, de jasmin et de gardenia. Hydrate, repulpe, lisse les rides et r\u00e9oxyg\u00e8ne le teint<\/p>\n","protected":false},"featured_media":4007,"comment_status":"open","ping_status":"closed","template":"","meta":[],"product_brand":[],"product_cat":[3066],"product_tag":[],"class_list":{"0":"post-4008","1":"product","2":"type-product","3":"status-publish","4":"has-post-thumbnail","6":"product_cat-lierac-soins-visage-soins-hydratants-et-nourrissants-peaux-seches","8":"first","9":"instock","10":"taxable","11":"shipping-taxable","12":"product-type-simple"},"_links":{"self":[{"href":"http:\/\/www.yespara.tn\/index.php?rest_route=\/wp\/v2\/product\/4008","targetHints":{"allow":["GET"]}}],"collection":[{"href":"http:\/\/www.yespara.tn\/index.php?rest_route=\/wp\/v2\/product"}],"about":[{"href":"http:\/\/www.yespara.tn\/index.php?rest_route=\/wp\/v2\/types\/product"}],"replies":[{"embeddable":true,"href":"http:\/\/www.yespara.tn\/index.php?rest_route=%2Fwp%2Fv2%2Fcomments&post=4008"}],"wp:featuredmedia":[{"embeddable":true,"href":"http:\/\/www.yespara.tn\/index.php?rest_route=\/wp\/v2\/media\/4007"}],"wp:attachment":[{"href":"http:\/\/www.yespara.tn\/index.php?rest_route=%2Fwp%2Fv2%2Fmedia&parent=4008"}],"wp:term":[{"taxonomy":"product_brand","embeddable":true,"href":"http:\/\/www.yespara.tn\/index.php?rest_route=%2Fwp%2Fv2%2Fproduct_brand&post=4008"},{"taxonomy":"product_cat","embeddable":true,"href":"http:\/\/www.yespara.tn\/index.php?rest_route=%2Fwp%2Fv2%2Fproduct_cat&post=4008"},{"taxonomy":"product_tag","embeddable":true,"href":"http:\/\/www.yespara.tn\/index.php?rest_route=%2Fwp%2Fv2%2Fproduct_tag&post=4008"}],"curies":[{"name":"wp","href":"https:\/\/api.w.org\/{rel}","templated":true}]}}