{"id":4006,"date":"2026-02-28T11:20:47","date_gmt":"2026-02-28T10:20:47","guid":{"rendered":"http:\/\/198.46.190.232\/mypara\/?product=lierac-hydragenist-serum-hydratant-oxygenant-repulpant-30ml"},"modified":"2026-02-28T11:20:47","modified_gmt":"2026-02-28T10:20:47","slug":"lierac-hydragenist-serum-hydratant-oxygenant-repulpant-30ml","status":"publish","type":"product","link":"http:\/\/www.yespara.tn\/?product=lierac-hydragenist-serum-hydratant-oxygenant-repulpant-30ml","title":{"rendered":"lierac hydragenist serum hydratant oxygenant repulpant 30ml"},"content":{"rendered":"","protected":false},"excerpt":{"rendered":"<p>Le s\u00e9rum hydratant de la gamme Hydragenist de Liera contribue \u00e0 une hydratation intense de la peau. Il permet de repulper et de lisser les premi\u00e8res rides ou ridules. En le combinant \u00e0 la cr\u00e8me ou au gel cr\u00e8me de la gamme l\u2019efficacit\u00e9 est d\u00e9multipli\u00e9e.<\/p>\n","protected":false},"featured_media":4005,"comment_status":"open","ping_status":"closed","template":"","meta":[],"product_brand":[],"product_cat":[3065],"product_tag":[],"class_list":{"0":"post-4006","1":"product","2":"type-product","3":"status-publish","4":"has-post-thumbnail","6":"product_cat-lierac-soins-hydratants-et-nourrissants-2","8":"first","9":"instock","10":"taxable","11":"shipping-taxable","12":"product-type-simple"},"_links":{"self":[{"href":"http:\/\/www.yespara.tn\/index.php?rest_route=\/wp\/v2\/product\/4006","targetHints":{"allow":["GET"]}}],"collection":[{"href":"http:\/\/www.yespara.tn\/index.php?rest_route=\/wp\/v2\/product"}],"about":[{"href":"http:\/\/www.yespara.tn\/index.php?rest_route=\/wp\/v2\/types\/product"}],"replies":[{"embeddable":true,"href":"http:\/\/www.yespara.tn\/index.php?rest_route=%2Fwp%2Fv2%2Fcomments&post=4006"}],"wp:featuredmedia":[{"embeddable":true,"href":"http:\/\/www.yespara.tn\/index.php?rest_route=\/wp\/v2\/media\/4005"}],"wp:attachment":[{"href":"http:\/\/www.yespara.tn\/index.php?rest_route=%2Fwp%2Fv2%2Fmedia&parent=4006"}],"wp:term":[{"taxonomy":"product_brand","embeddable":true,"href":"http:\/\/www.yespara.tn\/index.php?rest_route=%2Fwp%2Fv2%2Fproduct_brand&post=4006"},{"taxonomy":"product_cat","embeddable":true,"href":"http:\/\/www.yespara.tn\/index.php?rest_route=%2Fwp%2Fv2%2Fproduct_cat&post=4006"},{"taxonomy":"product_tag","embeddable":true,"href":"http:\/\/www.yespara.tn\/index.php?rest_route=%2Fwp%2Fv2%2Fproduct_tag&post=4006"}],"curies":[{"name":"wp","href":"https:\/\/api.w.org\/{rel}","templated":true}]}}