{"id":4002,"date":"2026-02-28T11:20:45","date_gmt":"2026-02-28T10:20:45","guid":{"rendered":"http:\/\/198.46.190.232\/mypara\/?product=lierac-lait-demaquillant-200ml"},"modified":"2026-02-28T11:20:45","modified_gmt":"2026-02-28T10:20:45","slug":"lierac-lait-demaquillant-200ml","status":"publish","type":"product","link":"http:\/\/www.yespara.tn\/?product=lierac-lait-demaquillant-200ml","title":{"rendered":"lierac lait demaquillant 200ml"},"content":{"rendered":"","protected":false},"excerpt":{"rendered":"<p>Compos\u00e9 \u00e0 97% d\u2019ingr\u00e9dients d\u2019origine naturelle, le Lait D\u00e9maquillant \u00e9limine efficacement le maquillage et les impuret\u00e9s en apportant douceur et nutrition \u00e0 la peau.<\/p>\n","protected":false},"featured_media":4001,"comment_status":"open","ping_status":"closed","template":"","meta":[],"product_brand":[],"product_cat":[2128,2640,3063,2596],"product_tag":[],"class_list":{"0":"post-4002","1":"product","2":"type-product","3":"status-publish","4":"has-post-thumbnail","6":"product_cat-demaquillants","7":"product_cat-lait-nettoyants-visage","8":"product_cat-lierac-emulsion","9":"product_cat-mousse","11":"first","12":"instock","13":"taxable","14":"shipping-taxable","15":"product-type-simple"},"_links":{"self":[{"href":"http:\/\/www.yespara.tn\/index.php?rest_route=\/wp\/v2\/product\/4002","targetHints":{"allow":["GET"]}}],"collection":[{"href":"http:\/\/www.yespara.tn\/index.php?rest_route=\/wp\/v2\/product"}],"about":[{"href":"http:\/\/www.yespara.tn\/index.php?rest_route=\/wp\/v2\/types\/product"}],"replies":[{"embeddable":true,"href":"http:\/\/www.yespara.tn\/index.php?rest_route=%2Fwp%2Fv2%2Fcomments&post=4002"}],"wp:featuredmedia":[{"embeddable":true,"href":"http:\/\/www.yespara.tn\/index.php?rest_route=\/wp\/v2\/media\/4001"}],"wp:attachment":[{"href":"http:\/\/www.yespara.tn\/index.php?rest_route=%2Fwp%2Fv2%2Fmedia&parent=4002"}],"wp:term":[{"taxonomy":"product_brand","embeddable":true,"href":"http:\/\/www.yespara.tn\/index.php?rest_route=%2Fwp%2Fv2%2Fproduct_brand&post=4002"},{"taxonomy":"product_cat","embeddable":true,"href":"http:\/\/www.yespara.tn\/index.php?rest_route=%2Fwp%2Fv2%2Fproduct_cat&post=4002"},{"taxonomy":"product_tag","embeddable":true,"href":"http:\/\/www.yespara.tn\/index.php?rest_route=%2Fwp%2Fv2%2Fproduct_tag&post=4002"}],"curies":[{"name":"wp","href":"https:\/\/api.w.org\/{rel}","templated":true}]}}