{"id":3994,"date":"2026-02-28T11:20:39","date_gmt":"2026-02-28T10:20:39","guid":{"rendered":"http:\/\/198.46.190.232\/mypara\/?product=dermaceutic-yellow-cream-oncentre-depigmentant-15ml"},"modified":"2026-02-28T11:20:39","modified_gmt":"2026-02-28T10:20:39","slug":"dermaceutic-yellow-cream-oncentre-depigmentant-15ml","status":"publish","type":"product","link":"http:\/\/www.yespara.tn\/?product=dermaceutic-yellow-cream-oncentre-depigmentant-15ml","title":{"rendered":"dermaceutic yellow cream oncentre depigmentant 15ml"},"content":{"rendered":"","protected":false},"excerpt":{"rendered":"<p>Dermaceutic Yellow Cream R\u00e9duit les imperfections pigmentaires et stimule le renouvellement cellulaire. Yellow Cream est indiqu\u00e9 pour les taches li\u00e9es \u00e0 l\u2019\u00e2ge, rebonds pigmentaires, m\u00e9lasma et taches hormonales. Les taches sont moins visibles et le teint est plus homog\u00e8ne. Contenance: 15ml<\/p>\n","protected":false},"featured_media":3993,"comment_status":"open","ping_status":"closed","template":"","meta":[],"product_brand":[],"product_cat":[2997],"product_tag":[],"class_list":{"0":"post-3994","1":"product","2":"type-product","3":"status-publish","4":"has-post-thumbnail","6":"product_cat-dermaceutic-soins-visage-2","8":"first","9":"instock","10":"taxable","11":"shipping-taxable","12":"product-type-simple"},"_links":{"self":[{"href":"http:\/\/www.yespara.tn\/index.php?rest_route=\/wp\/v2\/product\/3994","targetHints":{"allow":["GET"]}}],"collection":[{"href":"http:\/\/www.yespara.tn\/index.php?rest_route=\/wp\/v2\/product"}],"about":[{"href":"http:\/\/www.yespara.tn\/index.php?rest_route=\/wp\/v2\/types\/product"}],"replies":[{"embeddable":true,"href":"http:\/\/www.yespara.tn\/index.php?rest_route=%2Fwp%2Fv2%2Fcomments&post=3994"}],"wp:featuredmedia":[{"embeddable":true,"href":"http:\/\/www.yespara.tn\/index.php?rest_route=\/wp\/v2\/media\/3993"}],"wp:attachment":[{"href":"http:\/\/www.yespara.tn\/index.php?rest_route=%2Fwp%2Fv2%2Fmedia&parent=3994"}],"wp:term":[{"taxonomy":"product_brand","embeddable":true,"href":"http:\/\/www.yespara.tn\/index.php?rest_route=%2Fwp%2Fv2%2Fproduct_brand&post=3994"},{"taxonomy":"product_cat","embeddable":true,"href":"http:\/\/www.yespara.tn\/index.php?rest_route=%2Fwp%2Fv2%2Fproduct_cat&post=3994"},{"taxonomy":"product_tag","embeddable":true,"href":"http:\/\/www.yespara.tn\/index.php?rest_route=%2Fwp%2Fv2%2Fproduct_tag&post=3994"}],"curies":[{"name":"wp","href":"https:\/\/api.w.org\/{rel}","templated":true}]}}