{"id":3992,"date":"2026-02-28T11:20:38","date_gmt":"2026-02-28T10:20:38","guid":{"rendered":"http:\/\/198.46.190.232\/mypara\/?product=jonzac-pure-soin-purifiant-anti-imperfections-50ml"},"modified":"2026-02-28T11:20:38","modified_gmt":"2026-02-28T10:20:38","slug":"jonzac-pure-soin-purifiant-anti-imperfections-50ml","status":"publish","type":"product","link":"http:\/\/www.yespara.tn\/?product=jonzac-pure-soin-purifiant-anti-imperfections-50ml","title":{"rendered":"jonzac pure soin purifiant anti-imperfections 50ml"},"content":{"rendered":"","protected":false},"excerpt":{"rendered":"<p>Riche en eau thermale de Jonzac et algue purifiante et r\u00e9g\u00e9n\u00e9rante, le soin purifiant anti-imperfections Pure, hydrate, favorise l\u2019\u00e9limination et pr\u00e9vient l\u2019apparition des boutons et points noirs. Son action r\u00e9g\u00e9n\u00e9rante aide \u00e0 stimuler le renouvellement cellulaire pour att\u00e9nuer les marques r\u00e9siduelles.<\/p>\n","protected":false},"featured_media":3991,"comment_status":"open","ping_status":"closed","template":"","meta":[],"product_brand":[],"product_cat":[3059],"product_tag":[],"class_list":{"0":"post-3992","1":"product","2":"type-product","3":"status-publish","4":"has-post-thumbnail","6":"product_cat-jonzac-soins-visage-serums-anti-age","8":"first","9":"instock","10":"taxable","11":"shipping-taxable","12":"product-type-simple"},"_links":{"self":[{"href":"http:\/\/www.yespara.tn\/index.php?rest_route=\/wp\/v2\/product\/3992","targetHints":{"allow":["GET"]}}],"collection":[{"href":"http:\/\/www.yespara.tn\/index.php?rest_route=\/wp\/v2\/product"}],"about":[{"href":"http:\/\/www.yespara.tn\/index.php?rest_route=\/wp\/v2\/types\/product"}],"replies":[{"embeddable":true,"href":"http:\/\/www.yespara.tn\/index.php?rest_route=%2Fwp%2Fv2%2Fcomments&post=3992"}],"wp:featuredmedia":[{"embeddable":true,"href":"http:\/\/www.yespara.tn\/index.php?rest_route=\/wp\/v2\/media\/3991"}],"wp:attachment":[{"href":"http:\/\/www.yespara.tn\/index.php?rest_route=%2Fwp%2Fv2%2Fmedia&parent=3992"}],"wp:term":[{"taxonomy":"product_brand","embeddable":true,"href":"http:\/\/www.yespara.tn\/index.php?rest_route=%2Fwp%2Fv2%2Fproduct_brand&post=3992"},{"taxonomy":"product_cat","embeddable":true,"href":"http:\/\/www.yespara.tn\/index.php?rest_route=%2Fwp%2Fv2%2Fproduct_cat&post=3992"},{"taxonomy":"product_tag","embeddable":true,"href":"http:\/\/www.yespara.tn\/index.php?rest_route=%2Fwp%2Fv2%2Fproduct_tag&post=3992"}],"curies":[{"name":"wp","href":"https:\/\/api.w.org\/{rel}","templated":true}]}}