{"id":3984,"date":"2026-02-28T11:20:29","date_gmt":"2026-02-28T10:20:29","guid":{"rendered":"http:\/\/198.46.190.232\/mypara\/?product=dermaceutic-advanced-mousse-nettoyante-experte-150ml"},"modified":"2026-02-28T11:20:30","modified_gmt":"2026-02-28T10:20:30","slug":"dermaceutic-advanced-mousse-nettoyante-experte-150ml","status":"publish","type":"product","link":"http:\/\/www.yespara.tn\/?product=dermaceutic-advanced-mousse-nettoyante-experte-150ml","title":{"rendered":"dermaceutic advanced mousse nettoyante experte 150ml"},"content":{"rendered":"","protected":false},"excerpt":{"rendered":"<p>Advanced Cleanser, mousse micro-a\u00e9r\u00e9e, nettoie et d\u00e9maquille efficacement et \u00e9limine l\u2019exc\u00e8s de s\u00e9bum, procurant \u00e0 la\u00a0peau une sensation de puret\u00e9, de fra\u00eecheur et d\u2019hydratation.Contenance: 150ml<\/p>\n","protected":false},"featured_media":3983,"comment_status":"open","ping_status":"closed","template":"","meta":[],"product_brand":[],"product_cat":[2128,2891,2640,2596],"product_tag":[],"class_list":{"0":"post-3984","1":"product","2":"type-product","3":"status-publish","4":"has-post-thumbnail","6":"product_cat-demaquillants","7":"product_cat-dermaceutic-soins-visage-emulsion","8":"product_cat-lait-nettoyants-visage","9":"product_cat-mousse","11":"first","12":"instock","13":"taxable","14":"shipping-taxable","15":"product-type-simple"},"_links":{"self":[{"href":"http:\/\/www.yespara.tn\/index.php?rest_route=\/wp\/v2\/product\/3984","targetHints":{"allow":["GET"]}}],"collection":[{"href":"http:\/\/www.yespara.tn\/index.php?rest_route=\/wp\/v2\/product"}],"about":[{"href":"http:\/\/www.yespara.tn\/index.php?rest_route=\/wp\/v2\/types\/product"}],"replies":[{"embeddable":true,"href":"http:\/\/www.yespara.tn\/index.php?rest_route=%2Fwp%2Fv2%2Fcomments&post=3984"}],"wp:featuredmedia":[{"embeddable":true,"href":"http:\/\/www.yespara.tn\/index.php?rest_route=\/wp\/v2\/media\/3983"}],"wp:attachment":[{"href":"http:\/\/www.yespara.tn\/index.php?rest_route=%2Fwp%2Fv2%2Fmedia&parent=3984"}],"wp:term":[{"taxonomy":"product_brand","embeddable":true,"href":"http:\/\/www.yespara.tn\/index.php?rest_route=%2Fwp%2Fv2%2Fproduct_brand&post=3984"},{"taxonomy":"product_cat","embeddable":true,"href":"http:\/\/www.yespara.tn\/index.php?rest_route=%2Fwp%2Fv2%2Fproduct_cat&post=3984"},{"taxonomy":"product_tag","embeddable":true,"href":"http:\/\/www.yespara.tn\/index.php?rest_route=%2Fwp%2Fv2%2Fproduct_tag&post=3984"}],"curies":[{"name":"wp","href":"https:\/\/api.w.org\/{rel}","templated":true}]}}