{"id":3974,"date":"2026-02-28T11:20:23","date_gmt":"2026-02-28T10:20:23","guid":{"rendered":"http:\/\/198.46.190.232\/mypara\/?product=innovaderm-sunny-spf-50-peau-mixte-a-grasse"},"modified":"2026-02-28T12:44:46","modified_gmt":"2026-02-28T11:44:46","slug":"innovaderm-sunny-spf-50-peau-mixte-a-grasse","status":"publish","type":"product","link":"http:\/\/www.yespara.tn\/?product=innovaderm-sunny-spf-50-peau-mixte-a-grasse","title":{"rendered":"INNOVADERM SUNNY SPF 50+ PEAU MIXTE A GRASSE"},"content":{"rendered":"","protected":false},"excerpt":{"rendered":"<p>Haute protection solaire\u00a0SPF 50 + peau sensible , mixte \u00e0 grasse anti brillance effet matifiant hypoall\u00e9rg\u00e9nique r\u00e9siste \u00e0 l\u2019eau<\/p>\n","protected":false},"featured_media":3973,"comment_status":"open","ping_status":"closed","template":"","meta":[],"product_brand":[],"product_cat":[3055],"product_tag":[],"class_list":{"0":"post-3974","1":"product","2":"type-product","3":"status-publish","4":"has-post-thumbnail","6":"product_cat-innovaderm-soins-visage-soins-solaires-creme-peau-grasse","8":"first","9":"instock","10":"sale","11":"taxable","12":"shipping-taxable","13":"purchasable","14":"product-type-simple"},"_links":{"self":[{"href":"http:\/\/www.yespara.tn\/index.php?rest_route=\/wp\/v2\/product\/3974","targetHints":{"allow":["GET"]}}],"collection":[{"href":"http:\/\/www.yespara.tn\/index.php?rest_route=\/wp\/v2\/product"}],"about":[{"href":"http:\/\/www.yespara.tn\/index.php?rest_route=\/wp\/v2\/types\/product"}],"replies":[{"embeddable":true,"href":"http:\/\/www.yespara.tn\/index.php?rest_route=%2Fwp%2Fv2%2Fcomments&post=3974"}],"wp:featuredmedia":[{"embeddable":true,"href":"http:\/\/www.yespara.tn\/index.php?rest_route=\/wp\/v2\/media\/3973"}],"wp:attachment":[{"href":"http:\/\/www.yespara.tn\/index.php?rest_route=%2Fwp%2Fv2%2Fmedia&parent=3974"}],"wp:term":[{"taxonomy":"product_brand","embeddable":true,"href":"http:\/\/www.yespara.tn\/index.php?rest_route=%2Fwp%2Fv2%2Fproduct_brand&post=3974"},{"taxonomy":"product_cat","embeddable":true,"href":"http:\/\/www.yespara.tn\/index.php?rest_route=%2Fwp%2Fv2%2Fproduct_cat&post=3974"},{"taxonomy":"product_tag","embeddable":true,"href":"http:\/\/www.yespara.tn\/index.php?rest_route=%2Fwp%2Fv2%2Fproduct_tag&post=3974"}],"curies":[{"name":"wp","href":"https:\/\/api.w.org\/{rel}","templated":true}]}}