{"id":3966,"date":"2026-02-28T11:20:17","date_gmt":"2026-02-28T10:20:17","guid":{"rendered":"http:\/\/198.46.190.232\/mypara\/?product=endocare-radiance-peel-mask-eclaircissant-56ml"},"modified":"2026-02-28T11:20:17","modified_gmt":"2026-02-28T10:20:17","slug":"endocare-radiance-peel-mask-eclaircissant-56ml","status":"publish","type":"product","link":"http:\/\/www.yespara.tn\/?product=endocare-radiance-peel-mask-eclaircissant-56ml","title":{"rendered":"endocare radiance peel mask eclaircissant 5*6ml"},"content":{"rendered":"","protected":false},"excerpt":{"rendered":"<p>Masque \u00e0 la texture gel dont les actifs exfolient, purifient et apportent une action antioxydante pour am\u00e9liorer la texture de la peau. Estompe les rides d\u2019expression et illumine instantan\u00e9ment la peau. Il favorise la p\u00e9n\u00e9tration et l\u2019activit\u00e9 des ingr\u00e9dients d\u2019autres traitements pr\u00e9c\u00e9demment appliqu\u00e9s, en renfor\u00e7ant leur efficacit\u00e9.<\/p>\n","protected":false},"featured_media":3965,"comment_status":"open","ping_status":"closed","template":"","meta":[],"product_brand":[],"product_cat":[2160],"product_tag":[],"class_list":{"0":"post-3966","1":"product","2":"type-product","3":"status-publish","4":"has-post-thumbnail","6":"product_cat-soins-visage-masques-visage-et-gommage","8":"first","9":"instock","10":"taxable","11":"shipping-taxable","12":"product-type-simple"},"_links":{"self":[{"href":"http:\/\/www.yespara.tn\/index.php?rest_route=\/wp\/v2\/product\/3966","targetHints":{"allow":["GET"]}}],"collection":[{"href":"http:\/\/www.yespara.tn\/index.php?rest_route=\/wp\/v2\/product"}],"about":[{"href":"http:\/\/www.yespara.tn\/index.php?rest_route=\/wp\/v2\/types\/product"}],"replies":[{"embeddable":true,"href":"http:\/\/www.yespara.tn\/index.php?rest_route=%2Fwp%2Fv2%2Fcomments&post=3966"}],"wp:featuredmedia":[{"embeddable":true,"href":"http:\/\/www.yespara.tn\/index.php?rest_route=\/wp\/v2\/media\/3965"}],"wp:attachment":[{"href":"http:\/\/www.yespara.tn\/index.php?rest_route=%2Fwp%2Fv2%2Fmedia&parent=3966"}],"wp:term":[{"taxonomy":"product_brand","embeddable":true,"href":"http:\/\/www.yespara.tn\/index.php?rest_route=%2Fwp%2Fv2%2Fproduct_brand&post=3966"},{"taxonomy":"product_cat","embeddable":true,"href":"http:\/\/www.yespara.tn\/index.php?rest_route=%2Fwp%2Fv2%2Fproduct_cat&post=3966"},{"taxonomy":"product_tag","embeddable":true,"href":"http:\/\/www.yespara.tn\/index.php?rest_route=%2Fwp%2Fv2%2Fproduct_tag&post=3966"}],"curies":[{"name":"wp","href":"https:\/\/api.w.org\/{rel}","templated":true}]}}