{"id":3956,"date":"2026-02-28T11:20:07","date_gmt":"2026-02-28T10:20:07","guid":{"rendered":"http:\/\/198.46.190.232\/mypara\/?product=noreva-cicadiane-creme-reparatrice-apaisante-40-ml"},"modified":"2026-02-28T11:20:07","modified_gmt":"2026-02-28T10:20:07","slug":"noreva-cicadiane-creme-reparatrice-apaisante-40-ml","status":"publish","type":"product","link":"http:\/\/www.yespara.tn\/?product=noreva-cicadiane-creme-reparatrice-apaisante-40-ml","title":{"rendered":"noreva cicadiane creme reparatrice apaisante 40 ml"},"content":{"rendered":"","protected":false},"excerpt":{"rendered":"<p>&amp;lt;div id=\u00a0\u00bbproduct-description-short-3210\u2033 class=\u00a0\u00bbproduct-description\u00a0\u00bb> Noreva Cicadiane Cr\u00e8me R\u00e9paratrice Apaisante 40 ml \u00e0 la formule fluide assure la r\u00e9paration cutan\u00e9e rapide et optimale suite \u00e0 des alt\u00e9rations diverses : peau l\u00e9s\u00e9e, irrit\u00e9e, sensible, post actes esth\u00e9tiques, post intervention.<\/p>\n","protected":false},"featured_media":3955,"comment_status":"open","ping_status":"closed","template":"","meta":[],"product_brand":[],"product_cat":[3043],"product_tag":[],"class_list":{"0":"post-3956","1":"product","2":"type-product","3":"status-publish","4":"has-post-thumbnail","6":"product_cat-noreva-soins-visage-2","8":"first","9":"instock","10":"taxable","11":"shipping-taxable","12":"product-type-simple"},"_links":{"self":[{"href":"http:\/\/www.yespara.tn\/index.php?rest_route=\/wp\/v2\/product\/3956","targetHints":{"allow":["GET"]}}],"collection":[{"href":"http:\/\/www.yespara.tn\/index.php?rest_route=\/wp\/v2\/product"}],"about":[{"href":"http:\/\/www.yespara.tn\/index.php?rest_route=\/wp\/v2\/types\/product"}],"replies":[{"embeddable":true,"href":"http:\/\/www.yespara.tn\/index.php?rest_route=%2Fwp%2Fv2%2Fcomments&post=3956"}],"wp:featuredmedia":[{"embeddable":true,"href":"http:\/\/www.yespara.tn\/index.php?rest_route=\/wp\/v2\/media\/3955"}],"wp:attachment":[{"href":"http:\/\/www.yespara.tn\/index.php?rest_route=%2Fwp%2Fv2%2Fmedia&parent=3956"}],"wp:term":[{"taxonomy":"product_brand","embeddable":true,"href":"http:\/\/www.yespara.tn\/index.php?rest_route=%2Fwp%2Fv2%2Fproduct_brand&post=3956"},{"taxonomy":"product_cat","embeddable":true,"href":"http:\/\/www.yespara.tn\/index.php?rest_route=%2Fwp%2Fv2%2Fproduct_cat&post=3956"},{"taxonomy":"product_tag","embeddable":true,"href":"http:\/\/www.yespara.tn\/index.php?rest_route=%2Fwp%2Fv2%2Fproduct_tag&post=3956"}],"curies":[{"name":"wp","href":"https:\/\/api.w.org\/{rel}","templated":true}]}}