{"id":3950,"date":"2026-02-28T11:20:02","date_gmt":"2026-02-28T10:20:02","guid":{"rendered":"http:\/\/198.46.190.232\/mypara\/?product=noreva-trio-white-xp-soin-anti-taches-30ml"},"modified":"2026-02-28T11:20:02","modified_gmt":"2026-02-28T10:20:02","slug":"noreva-trio-white-xp-soin-anti-taches-30ml","status":"publish","type":"product","link":"http:\/\/www.yespara.tn\/?product=noreva-trio-white-xp-soin-anti-taches-30ml","title":{"rendered":"noreva trio white xp soin anti taches 30ml"},"content":{"rendered":"","protected":false},"excerpt":{"rendered":"<p>Pr\u00e9vient et corrige efficacement les t\u00e2ches pigmentaires d\u00e9j\u00e0 pr\u00e9sentes, prot\u00e8ge la peau et illumine le teint.<\/p>\n","protected":false},"featured_media":3949,"comment_status":"open","ping_status":"closed","template":"","meta":[],"product_brand":[],"product_cat":[3042],"product_tag":[],"class_list":{"0":"post-3950","1":"product","2":"type-product","3":"status-publish","4":"has-post-thumbnail","6":"product_cat-noreva-soins-visage-soins-anti-taches-et-depigmentants","8":"first","9":"instock","10":"taxable","11":"shipping-taxable","12":"product-type-simple"},"_links":{"self":[{"href":"http:\/\/www.yespara.tn\/index.php?rest_route=\/wp\/v2\/product\/3950","targetHints":{"allow":["GET"]}}],"collection":[{"href":"http:\/\/www.yespara.tn\/index.php?rest_route=\/wp\/v2\/product"}],"about":[{"href":"http:\/\/www.yespara.tn\/index.php?rest_route=\/wp\/v2\/types\/product"}],"replies":[{"embeddable":true,"href":"http:\/\/www.yespara.tn\/index.php?rest_route=%2Fwp%2Fv2%2Fcomments&post=3950"}],"wp:featuredmedia":[{"embeddable":true,"href":"http:\/\/www.yespara.tn\/index.php?rest_route=\/wp\/v2\/media\/3949"}],"wp:attachment":[{"href":"http:\/\/www.yespara.tn\/index.php?rest_route=%2Fwp%2Fv2%2Fmedia&parent=3950"}],"wp:term":[{"taxonomy":"product_brand","embeddable":true,"href":"http:\/\/www.yespara.tn\/index.php?rest_route=%2Fwp%2Fv2%2Fproduct_brand&post=3950"},{"taxonomy":"product_cat","embeddable":true,"href":"http:\/\/www.yespara.tn\/index.php?rest_route=%2Fwp%2Fv2%2Fproduct_cat&post=3950"},{"taxonomy":"product_tag","embeddable":true,"href":"http:\/\/www.yespara.tn\/index.php?rest_route=%2Fwp%2Fv2%2Fproduct_tag&post=3950"}],"curies":[{"name":"wp","href":"https:\/\/api.w.org\/{rel}","templated":true}]}}