{"id":3948,"date":"2026-02-28T11:20:00","date_gmt":"2026-02-28T10:20:00","guid":{"rendered":"http:\/\/198.46.190.232\/mypara\/?product=hydra-lipso-baume-a-levres"},"modified":"2026-02-28T12:44:45","modified_gmt":"2026-02-28T11:44:45","slug":"hydra-lipso-baume-a-levres","status":"publish","type":"product","link":"http:\/\/www.yespara.tn\/?product=hydra-lipso-baume-a-levres","title":{"rendered":"HYDRA LIPSO BAUME A LEVRES"},"content":{"rendered":"","protected":false},"excerpt":{"rendered":"<p>\ud83d\udca7 Hydratation profonde &#038; durable \ud83d\udee1\ufe0f Protection contre les agressions ext\u00e9rieures \ud83c\udf38 R\u00e9pare les l\u00e8vres ab\u00eem\u00e9es ou irrit\u00e9es \ud83d\udc84 L\u00e8vres douces, lisses &#038; souples \ud83c\udf43 Formule naturelle \u2013 Sans parfum agressif, sans colorants<\/p>\n","protected":false},"featured_media":3947,"comment_status":"open","ping_status":"closed","template":"","meta":[],"product_brand":[],"product_cat":[3041],"product_tag":[],"class_list":{"0":"post-3948","1":"product","2":"type-product","3":"status-publish","4":"has-post-thumbnail","6":"product_cat-naturalis","8":"first","9":"instock","10":"sale","11":"taxable","12":"shipping-taxable","13":"purchasable","14":"product-type-simple"},"_links":{"self":[{"href":"http:\/\/www.yespara.tn\/index.php?rest_route=\/wp\/v2\/product\/3948","targetHints":{"allow":["GET"]}}],"collection":[{"href":"http:\/\/www.yespara.tn\/index.php?rest_route=\/wp\/v2\/product"}],"about":[{"href":"http:\/\/www.yespara.tn\/index.php?rest_route=\/wp\/v2\/types\/product"}],"replies":[{"embeddable":true,"href":"http:\/\/www.yespara.tn\/index.php?rest_route=%2Fwp%2Fv2%2Fcomments&post=3948"}],"wp:featuredmedia":[{"embeddable":true,"href":"http:\/\/www.yespara.tn\/index.php?rest_route=\/wp\/v2\/media\/3947"}],"wp:attachment":[{"href":"http:\/\/www.yespara.tn\/index.php?rest_route=%2Fwp%2Fv2%2Fmedia&parent=3948"}],"wp:term":[{"taxonomy":"product_brand","embeddable":true,"href":"http:\/\/www.yespara.tn\/index.php?rest_route=%2Fwp%2Fv2%2Fproduct_brand&post=3948"},{"taxonomy":"product_cat","embeddable":true,"href":"http:\/\/www.yespara.tn\/index.php?rest_route=%2Fwp%2Fv2%2Fproduct_cat&post=3948"},{"taxonomy":"product_tag","embeddable":true,"href":"http:\/\/www.yespara.tn\/index.php?rest_route=%2Fwp%2Fv2%2Fproduct_tag&post=3948"}],"curies":[{"name":"wp","href":"https:\/\/api.w.org\/{rel}","templated":true}]}}