{"id":3938,"date":"2026-02-28T11:19:54","date_gmt":"2026-02-28T10:19:54","guid":{"rendered":"http:\/\/198.46.190.232\/mypara\/?product=la-roche-posay-effaclar-duo-spf-30-soin-anti-imperfections"},"modified":"2026-02-28T11:19:54","modified_gmt":"2026-02-28T10:19:54","slug":"la-roche-posay-effaclar-duo-spf-30-soin-anti-imperfections","status":"publish","type":"product","link":"http:\/\/www.yespara.tn\/?product=la-roche-posay-effaclar-duo-spf-30-soin-anti-imperfections","title":{"rendered":"la roche posay effaclar duo (+) spf 30 soin anti-imperfections"},"content":{"rendered":"","protected":false},"excerpt":{"rendered":"<p>TEST\u00c9 SUR PEAUX ALLERGIQUES ET \u00c0 TENDANCE ATOPIQUE SOUS CONTR\u00d4LE DERMATOLOGIQUE ET OPHTALMOLOGIQUE HYPOALLERG\u00c9NIQUE NON COM\u00c9DOG\u00c8NE.<\/p>\n","protected":false},"featured_media":3937,"comment_status":"open","ping_status":"closed","template":"","meta":[],"product_brand":[],"product_cat":[3034],"product_tag":[],"class_list":{"0":"post-3938","1":"product","2":"type-product","3":"status-publish","4":"has-post-thumbnail","6":"product_cat-la-roche-posay-soins-visage-soins-peaux-grasses-acneiques","8":"first","9":"instock","10":"taxable","11":"shipping-taxable","12":"product-type-simple"},"_links":{"self":[{"href":"http:\/\/www.yespara.tn\/index.php?rest_route=\/wp\/v2\/product\/3938","targetHints":{"allow":["GET"]}}],"collection":[{"href":"http:\/\/www.yespara.tn\/index.php?rest_route=\/wp\/v2\/product"}],"about":[{"href":"http:\/\/www.yespara.tn\/index.php?rest_route=\/wp\/v2\/types\/product"}],"replies":[{"embeddable":true,"href":"http:\/\/www.yespara.tn\/index.php?rest_route=%2Fwp%2Fv2%2Fcomments&post=3938"}],"wp:featuredmedia":[{"embeddable":true,"href":"http:\/\/www.yespara.tn\/index.php?rest_route=\/wp\/v2\/media\/3937"}],"wp:attachment":[{"href":"http:\/\/www.yespara.tn\/index.php?rest_route=%2Fwp%2Fv2%2Fmedia&parent=3938"}],"wp:term":[{"taxonomy":"product_brand","embeddable":true,"href":"http:\/\/www.yespara.tn\/index.php?rest_route=%2Fwp%2Fv2%2Fproduct_brand&post=3938"},{"taxonomy":"product_cat","embeddable":true,"href":"http:\/\/www.yespara.tn\/index.php?rest_route=%2Fwp%2Fv2%2Fproduct_cat&post=3938"},{"taxonomy":"product_tag","embeddable":true,"href":"http:\/\/www.yespara.tn\/index.php?rest_route=%2Fwp%2Fv2%2Fproduct_tag&post=3938"}],"curies":[{"name":"wp","href":"https:\/\/api.w.org\/{rel}","templated":true}]}}