{"id":3936,"date":"2026-02-28T11:19:53","date_gmt":"2026-02-28T10:19:53","guid":{"rendered":"http:\/\/198.46.190.232\/mypara\/?product=nubiance-act5-soin-intense-anti-imperfections-30ml"},"modified":"2026-02-28T12:44:45","modified_gmt":"2026-02-28T11:44:45","slug":"nubiance-act5-soin-intense-anti-imperfections-30ml","status":"publish","type":"product","link":"http:\/\/www.yespara.tn\/?product=nubiance-act5-soin-intense-anti-imperfections-30ml","title":{"rendered":"nubiance act5 soin intense anti-imperfections 30ml"},"content":{"rendered":"","protected":false},"excerpt":{"rendered":"<p>ACT-5 de Nubiance est le fruit d\u2019une combinaison exclusive de trois actifs visant les cinq causes et cons\u00e9quences factorielles de l\u2019acn\u00e9 des peaux noires, mates et m\u00e9tiss\u00e9es.<\/p>\n","protected":false},"featured_media":3935,"comment_status":"open","ping_status":"closed","template":"","meta":[],"product_brand":[],"product_cat":[3033],"product_tag":[],"class_list":{"0":"post-3936","1":"product","2":"type-product","3":"status-publish","4":"has-post-thumbnail","6":"product_cat-nubiance-labo-soins-visage-2","8":"first","9":"instock","10":"sale","11":"taxable","12":"shipping-taxable","13":"purchasable","14":"product-type-simple"},"_links":{"self":[{"href":"http:\/\/www.yespara.tn\/index.php?rest_route=\/wp\/v2\/product\/3936","targetHints":{"allow":["GET"]}}],"collection":[{"href":"http:\/\/www.yespara.tn\/index.php?rest_route=\/wp\/v2\/product"}],"about":[{"href":"http:\/\/www.yespara.tn\/index.php?rest_route=\/wp\/v2\/types\/product"}],"replies":[{"embeddable":true,"href":"http:\/\/www.yespara.tn\/index.php?rest_route=%2Fwp%2Fv2%2Fcomments&post=3936"}],"wp:featuredmedia":[{"embeddable":true,"href":"http:\/\/www.yespara.tn\/index.php?rest_route=\/wp\/v2\/media\/3935"}],"wp:attachment":[{"href":"http:\/\/www.yespara.tn\/index.php?rest_route=%2Fwp%2Fv2%2Fmedia&parent=3936"}],"wp:term":[{"taxonomy":"product_brand","embeddable":true,"href":"http:\/\/www.yespara.tn\/index.php?rest_route=%2Fwp%2Fv2%2Fproduct_brand&post=3936"},{"taxonomy":"product_cat","embeddable":true,"href":"http:\/\/www.yespara.tn\/index.php?rest_route=%2Fwp%2Fv2%2Fproduct_cat&post=3936"},{"taxonomy":"product_tag","embeddable":true,"href":"http:\/\/www.yespara.tn\/index.php?rest_route=%2Fwp%2Fv2%2Fproduct_tag&post=3936"}],"curies":[{"name":"wp","href":"https:\/\/api.w.org\/{rel}","templated":true}]}}