{"id":3926,"date":"2026-02-28T11:19:42","date_gmt":"2026-02-28T10:19:42","guid":{"rendered":"http:\/\/198.46.190.232\/mypara\/?product=uriage-eau-thermale-gelee-fraiche-demaquillante-150-ml"},"modified":"2026-02-28T11:19:42","modified_gmt":"2026-02-28T10:19:42","slug":"uriage-eau-thermale-gelee-fraiche-demaquillante-150-ml","status":"publish","type":"product","link":"http:\/\/www.yespara.tn\/?product=uriage-eau-thermale-gelee-fraiche-demaquillante-150-ml","title":{"rendered":"Uriage eau thermale gel\u00e9e fraiche d\u00e9maquillante 150 ml"},"content":{"rendered":"","protected":false},"excerpt":{"rendered":"<p>La gel\u00e9e fra\u00eeche d\u00e9maquillante Uriage nettoie et d\u00e9maquille le visage et les yeux en douceur. Ce nouveau produit apporte une v\u00e9ritable sensation de fra\u00eecheur gr\u00e2ce \u00e0 sa texture in\u00e9dite.\u00a0\u00a0Id\u00e9ale pour les peaux mixtes \u00e0 grasses ! La peau est nette, douce et lisse.\u00a0\u00a0Cette formule est constitu\u00e9e de 94% d\u2019ingr\u00e9dients d\u2019origine naturelle. D\u00c9MAQUILLE, NETTOIE, PURIFIE Sa base nettoyante ultra-douce \u00e9limine toutes les impuret\u00e9s du visage pour une peau purifi\u00e9e. DIMINUE LES SENSATIONS DE TIRAILLEMENTS Enrichie en Eau Thermale d\u2019Uriage et extrait d\u2019Edelweiss bio, cette gel\u00e9e vous apportera une sensation de fra\u00eecheur tout en apportant du confort \u00e0 votre peau.<\/p>\n","protected":false},"featured_media":3925,"comment_status":"open","ping_status":"closed","template":"","meta":[],"product_brand":[],"product_cat":[2128,3005],"product_tag":[],"class_list":{"0":"post-3926","1":"product","2":"type-product","3":"status-publish","4":"has-post-thumbnail","6":"product_cat-demaquillants","7":"product_cat-uriage-soins-visage-gels-nettoyants","9":"first","10":"instock","11":"taxable","12":"shipping-taxable","13":"product-type-simple"},"_links":{"self":[{"href":"http:\/\/www.yespara.tn\/index.php?rest_route=\/wp\/v2\/product\/3926","targetHints":{"allow":["GET"]}}],"collection":[{"href":"http:\/\/www.yespara.tn\/index.php?rest_route=\/wp\/v2\/product"}],"about":[{"href":"http:\/\/www.yespara.tn\/index.php?rest_route=\/wp\/v2\/types\/product"}],"replies":[{"embeddable":true,"href":"http:\/\/www.yespara.tn\/index.php?rest_route=%2Fwp%2Fv2%2Fcomments&post=3926"}],"wp:featuredmedia":[{"embeddable":true,"href":"http:\/\/www.yespara.tn\/index.php?rest_route=\/wp\/v2\/media\/3925"}],"wp:attachment":[{"href":"http:\/\/www.yespara.tn\/index.php?rest_route=%2Fwp%2Fv2%2Fmedia&parent=3926"}],"wp:term":[{"taxonomy":"product_brand","embeddable":true,"href":"http:\/\/www.yespara.tn\/index.php?rest_route=%2Fwp%2Fv2%2Fproduct_brand&post=3926"},{"taxonomy":"product_cat","embeddable":true,"href":"http:\/\/www.yespara.tn\/index.php?rest_route=%2Fwp%2Fv2%2Fproduct_cat&post=3926"},{"taxonomy":"product_tag","embeddable":true,"href":"http:\/\/www.yespara.tn\/index.php?rest_route=%2Fwp%2Fv2%2Fproduct_tag&post=3926"}],"curies":[{"name":"wp","href":"https:\/\/api.w.org\/{rel}","templated":true}]}}